{"id":7054,"date":"2020-02-17T19:19:59","date_gmt":"2020-02-17T18:19:59","guid":{"rendered":"http:\/\/sinedjib.com\/?page_id=7054"},"modified":"2021-12-18T22:57:42","modified_gmt":"2021-12-18T21:57:42","slug":"arguments","status":"publish","type":"page","link":"https:\/\/sinedjib.com\/index.php\/ressources\/arguments\/","title":{"rendered":"Arguments"},"content":{"rendered":"\n<div class=\"wp-block-media-text alignwide is-stacked-on-mobile is-image-fill\"><figure class=\"wp-block-media-text__media\" style=\"background-image:url(http:\/\/sinedjib.com\/wp-content\/uploads\/2018\/11\/Arguments-novembre-1958.png);background-position:43% 0%\"><img data-recalc-dims=\"1\" loading=\"lazy\" decoding=\"async\" width=\"431\" height=\"636\" data-attachment-id=\"4501\" data-permalink=\"https:\/\/sinedjib.com\/index.php\/2018\/11\/14\/morin\/arguments-novembre-1958\/\" data-orig-file=\"https:\/\/i0.wp.com\/sinedjib.com\/wp-content\/uploads\/2018\/11\/Arguments-novembre-1958.png?fit=431%2C636&amp;ssl=1\" data-orig-size=\"431,636\" data-comments-opened=\"1\" data-image-meta=\"{&quot;aperture&quot;:&quot;0&quot;,&quot;credit&quot;:&quot;&quot;,&quot;camera&quot;:&quot;&quot;,&quot;caption&quot;:&quot;&quot;,&quot;created_timestamp&quot;:&quot;0&quot;,&quot;copyright&quot;:&quot;&quot;,&quot;focal_length&quot;:&quot;0&quot;,&quot;iso&quot;:&quot;0&quot;,&quot;shutter_speed&quot;:&quot;0&quot;,&quot;title&quot;:&quot;&quot;,&quot;orientation&quot;:&quot;0&quot;}\" data-image-title=\"Arguments novembre 1958\" data-image-description=\"\" data-image-caption=\"\" data-medium-file=\"https:\/\/i0.wp.com\/sinedjib.com\/wp-content\/uploads\/2018\/11\/Arguments-novembre-1958.png?fit=203%2C300&amp;ssl=1\" data-large-file=\"https:\/\/i0.wp.com\/sinedjib.com\/wp-content\/uploads\/2018\/11\/Arguments-novembre-1958.png?fit=431%2C636&amp;ssl=1\" src=\"https:\/\/i0.wp.com\/sinedjib.com\/wp-content\/uploads\/2018\/11\/Arguments-novembre-1958.png?resize=431%2C636\" alt=\"\" class=\"wp-image-4501 size-full\" srcset=\"https:\/\/i0.wp.com\/sinedjib.com\/wp-content\/uploads\/2018\/11\/Arguments-novembre-1958.png?w=431&amp;ssl=1 431w, https:\/\/i0.wp.com\/sinedjib.com\/wp-content\/uploads\/2018\/11\/Arguments-novembre-1958.png?resize=203%2C300&amp;ssl=1 203w\" sizes=\"auto, (max-width: 431px) 100vw, 431px\" \/><\/figure><div class=\"wp-block-media-text__content\">\n<p class=\"has-large-font-size\"><strong>Cette page recense les 8 articles d<em>&lsquo;Arguments<\/em>\u00a0publi\u00e9s sur ce site depuis le<\/strong>\u00a0<strong>14 novembre 2018.<\/strong> <strong>La <a rel=\"noreferrer noopener\" href=\"https:\/\/www.persee.fr\/doc\/rfsp_0035-2950_1984_num_34_1_394112\" target=\"_blank\">revue<\/a> dirig\u00e9e par <a rel=\"noreferrer noopener\" href=\"https:\/\/maitron.fr\/spip.php?article147666\" target=\"_blank\">Edgar Morin<\/a> a paru de 1956 \u00e0 1962. Les sommaires sont consultables sur le site <a rel=\"noreferrer noopener\" href=\"https:\/\/archivesautonomies.org\/spip.php?article1864\" target=\"_blank\">Archives Autonomies<\/a>.<\/strong><\/p>\n<\/div><\/div>\n\n\n\n<p>Edgar Morin, \u00ab\u00a0La question n\u00e8gre\u00a0\u00bb, paru dans&nbsp;<em>Arguments<\/em>, n\u00b0 1, d\u00e9cembre 1956-janvier 1957. <a href=\"https:\/\/sinedjib.com\/index.php\/2021\/09\/17\/edgar-morin-la-question-negre\/\">Lien<\/a><\/p>\n\n\n\n<p>Pierre Naville, \u00ab\u00a0Note sur l\u2019histoire des conseils ouvriers\u00a0\u00bb, paru dans&nbsp;<em>Arguments<\/em>, n\u00b0 4, juin-septembre 1957. <a rel=\"noreferrer noopener\" aria-label=\"Lien (s\u2019ouvre dans un nouvel onglet)\" href=\"http:\/\/sinedjib.com\/index.php\/2019\/05\/29\/conseils-3\/\" target=\"_blank\">Lien<\/a><\/p>\n\n\n\n<p>Daniel Gu\u00e9rin, \u00ab\u00a0Deux r\u00e9quisitoires contre le \u00ab\u00a0communisme\u00a0\u00bb\u00a0\u00bb, paru dans <em>Arguments<\/em>, n\u00b0 6, f\u00e9vrier 1958, p. 10-13. <a href=\"https:\/\/sinedjib.com\/index.php\/2021\/12\/11\/daniel-guerin-deux-requisitoires-contre-le-communisme\/\">Lien<\/a><\/p>\n\n\n\n<p>Claude Lefort, \u00ab\u00a0Le gaullisme et la crise du r\u00e9gime\u00a0\u00bb, paru dans <em>Arguments<\/em>, n\u00b0 8, juin 1958, p. 18-21. <a href=\"https:\/\/sinedjib.com\/index.php\/2021\/12\/13\/claude-lefort-le-gaullisme-et-la-crise-du-regime\/\">Lien<\/a><\/p>\n\n\n\n<p>Edgar Morin, \u00ab\u00a0La r\u00e9volution anticoloniale\u00a0\u00bb, paru dans&nbsp;<em>Arguments<\/em>, n\u00b0 10, novembre 1958. <a href=\"http:\/\/sinedjib.com\/index.php\/2018\/11\/14\/morin\/\" target=\"_blank\" rel=\"noreferrer noopener\" aria-label=\"Lien (s\u2019ouvre dans un nouvel onglet)\">Lien<\/a><\/p>\n\n\n\n<p>Kostas Axelos, \u00ab\u00a0Adorno et l\u2019\u00e9cole de Francfort\u00a0\u00bb suivi de \u00ab&nbsp;Fragments&nbsp;\u00bb parus dans&nbsp;<em>Arguments<\/em>, n\u00b0 14, 2e trimestre 1959. <a rel=\"noreferrer noopener\" aria-label=\"Lien (s\u2019ouvre dans un nouvel onglet)\" href=\"http:\/\/sinedjib.com\/index.php\/2020\/01\/01\/adorno\/\" target=\"_blank\">Lien<\/a><\/p>\n\n\n\n<p>Herbert Marcuse, \u00ab\u00a0De l\u2019ontologie \u00e0 la technologie. Les tendances de la soci\u00e9t\u00e9 industrielle\u00a0\u00bb, paru dans&nbsp;<em>Arguments<\/em>, n\u00b0 18, 2e trimestre 1960. <a href=\"http:\/\/sinedjib.com\/index.php\/2020\/02\/17\/marcuse-3\/\" target=\"_blank\" rel=\"noreferrer noopener\" aria-label=\"Lien (s\u2019ouvre dans un nouvel onglet)\">Lien<\/a><\/p>\n\n\n\n<p>Herbert Marcuse, \u00ab\u00a0L\u2019amour et la mort (Eros et Thanatos)\u00a0\u00bb, paru dans&nbsp;<em>Arguments<\/em>, n\u00b0 21, 1er trimestre 1961. <a href=\"http:\/\/sinedjib.com\/index.php\/2020\/02\/13\/marcuse\/\" target=\"_blank\" rel=\"noreferrer noopener\" aria-label=\"Lien (s\u2019ouvre dans un nouvel onglet)\">Lien<\/a><\/p>\n","protected":false},"excerpt":{"rendered":"<p>Cette page recense les 8 articles d&lsquo;Arguments\u00a0publi\u00e9s sur ce site depuis le\u00a014 novembre 2018. La revue dirig\u00e9e par Edgar Morin a paru de 1956 \u00e0 1962. Les sommaires sont consultables sur le site Archives Autonomies. Edgar Morin, \u00ab\u00a0La question n\u00e8gre\u00a0\u00bb, paru dans&nbsp;Arguments, n\u00b0 1, d\u00e9cembre 1956-janvier 1957. Lien Pierre Naville, \u00ab\u00a0Note sur l\u2019histoire des conseils [&hellip;]<\/p>\n","protected":false},"author":1,"featured_media":0,"parent":5483,"menu_order":0,"comment_status":"closed","ping_status":"closed","template":"","meta":{"jetpack_post_was_ever_published":false,"footnotes":""},"class_list":["post-7054","page","type-page","status-publish","hentry"],"jetpack_sharing_enabled":true,"jetpack_shortlink":"https:\/\/wp.me\/P9lTYU-1PM","jetpack_likes_enabled":true,"jetpack-related-posts":[{"id":13761,"url":"https:\/\/sinedjib.com\/index.php\/les-lettres-francaises\/","url_meta":{"origin":7054,"position":0},"title":"Les Lettres fran\u00e7aises","author":"SiNedjib","date":"31\/08\/2021","format":false,"excerpt":"Cette page recense les 9 articles des Lettres fran\u00e7aises publi\u00e9s sur ce site depuis le 5 ao\u00fbt 2021. Le journal du Comit\u00e9 national des \u00e9crivains a \u00e9t\u00e9 fond\u00e9 en 1942. Il est consultable sur le site\u00a0RetroNews\u00a0pour la p\u00e9riode 1942-1950. Ren\u00e9 Maran, \"L\u2019Afrique noire dans les lettres fran\u00e7aises\", paru dans\u00a0Les Lettres\u2026","rel":"","context":"Article similaire","block_context":{"text":"Article similaire","link":""},"img":{"alt_text":"","src":"https:\/\/i0.wp.com\/sinedjib.com\/wp-content\/uploads\/2021\/08\/Les-Lettres-francaises-1er-mars-1946.png?resize=350%2C200&ssl=1","width":350,"height":200},"classes":[]},{"id":11279,"url":"https:\/\/sinedjib.com\/index.php\/le-bolchevik\/","url_meta":{"origin":7054,"position":1},"title":"Le Bolch\u00e9vik","author":"SiNedjib","date":"18\/01\/2021","format":false,"excerpt":"Cette page recense les 11 articles du Bolch\u00e9vik\u00a0publi\u00e9s sur ce site depuis le 15 d\u00e9cembre 2020. L\u2019organe de la Tendance spartaciste internationale\u00a0a \u00e9t\u00e9 lanc\u00e9 en 1976.\u00a0Les exemplaires du journal (jusqu'en 2011) sont t\u00e9l\u00e9chargeables sur le site\u00a0Marxists Internet Archive. \"Le massacre d\u2019octobre \u00e0 Alger\", paru dans Le Bolch\u00e9vik, n\u00b0 88, novembre\u2026","rel":"","context":"Article similaire","block_context":{"text":"Article similaire","link":""},"img":{"alt_text":"","src":"https:\/\/i0.wp.com\/sinedjib.com\/wp-content\/uploads\/2020\/12\/Le-Bolchevik-mars-1989.png?resize=350%2C200&ssl=1","width":350,"height":200},"classes":[]},{"id":15233,"url":"https:\/\/sinedjib.com\/index.php\/lutter\/","url_meta":{"origin":7054,"position":2},"title":"Lutter !","author":"SiNedjib","date":"06\/01\/2022","format":false,"excerpt":"Cette page recense les 8 articles de Lutter ! publi\u00e9s sur ce site depuis le 30 octobre 2021. L'organe de l'Union des travailleurs communistes libertaires a paru de 1982 \u00e0 1991. Les sommaires sont consultables sur le site Archives Autonomies. Daniel Gu\u00e9rin, \"Alg\u00e9rie. La honte du pardon aux g\u00e9n\u00e9raux criminels\",\u2026","rel":"","context":"Article similaire","block_context":{"text":"Article similaire","link":""},"img":{"alt_text":"","src":"https:\/\/i0.wp.com\/sinedjib.com\/wp-content\/uploads\/2021\/10\/Lutter-mars-avril-1984.png?resize=350%2C200&ssl=1","width":350,"height":200},"classes":[]},{"id":6698,"url":"https:\/\/sinedjib.com\/index.php\/ressources\/el-oumami\/","url_meta":{"origin":7054,"position":3},"title":"El-Oumami","author":"SiNedjib","date":"02\/01\/2020","format":false,"excerpt":"Cette page recense les 19 articles d\u2019El-Oumami\u00a0publi\u00e9s sur ce site depuis le 14 mars 2017. L'organe du Parti communiste international puis des communistes-l\u00e9ninistes alg\u00e9riens a paru de 1978 \u00e0 1983. La premi\u00e8re s\u00e9rie (jusqu'en 1982) est consultable sur le site du Parti communiste international. \"L'Etat bourgeois n'est pas \u00e0 d\u00e9mocratiser\u2026","rel":"","context":"Article similaire","block_context":{"text":"Article similaire","link":""},"img":{"alt_text":"","src":"https:\/\/i0.wp.com\/sinedjib.com\/wp-content\/uploads\/2020\/03\/el-oumami-octobre-1978-1.png?resize=350%2C200&ssl=1","width":350,"height":200},"classes":[]},{"id":171,"url":"https:\/\/sinedjib.com\/index.php\/liens-2\/","url_meta":{"origin":7054,"position":4},"title":"Liens","author":"Nedjib Sidi Moussa","date":"29\/03\/2013","format":false,"excerpt":"Parmi les m\u00e9dias et sites qui \u00e9voquent des engagements ou publications : Kim Willsher, \"New film adaptation of Camus\u2019s L\u2019\u00c9tranger opens old colonial wounds\", The Guardian, 28 November 2025. Link La suite est \u00e0 consulter sur cette page. Parmi les publications ou ouvrages qui citent et font \u00e9cho \u00e0 mes\u2026","rel":"","context":"Article similaire","block_context":{"text":"Article similaire","link":""},"img":{"alt_text":"","src":"https:\/\/i0.wp.com\/sinedjib.com\/wp-content\/uploads\/2025\/11\/guardian.png?resize=350%2C200&ssl=1","width":350,"height":200},"classes":[]},{"id":8890,"url":"https:\/\/sinedjib.com\/index.php\/informations-et-reflexions-libertaires\/","url_meta":{"origin":7054,"position":5},"title":"Informations et r\u00e9flexions libertaires","author":"SiNedjib","date":"20\/06\/2020","format":false,"excerpt":"Cette page recense les 12 articles d'Informations et r\u00e9flexions libertaires publi\u00e9s sur ce site depuis le 5 juin 2020. La revue a paru de 1973 \u00e0 1991, d'abord sous le titre Informations rassembl\u00e9es \u00e0 Lyon. Les num\u00e9ros sont t\u00e9l\u00e9chargeables sur le site du Centre de recherche pour l'alternative sociale. \"Anti-racisme\",\u2026","rel":"","context":"Article similaire","block_context":{"text":"Article similaire","link":""},"img":{"alt_text":"","src":"https:\/\/i0.wp.com\/sinedjib.com\/wp-content\/uploads\/2020\/06\/IRL-octobre-1983.png?resize=350%2C200&ssl=1","width":350,"height":200},"classes":[]}],"_links":{"self":[{"href":"https:\/\/sinedjib.com\/index.php\/wp-json\/wp\/v2\/pages\/7054","targetHints":{"allow":["GET"]}}],"collection":[{"href":"https:\/\/sinedjib.com\/index.php\/wp-json\/wp\/v2\/pages"}],"about":[{"href":"https:\/\/sinedjib.com\/index.php\/wp-json\/wp\/v2\/types\/page"}],"author":[{"embeddable":true,"href":"https:\/\/sinedjib.com\/index.php\/wp-json\/wp\/v2\/users\/1"}],"replies":[{"embeddable":true,"href":"https:\/\/sinedjib.com\/index.php\/wp-json\/wp\/v2\/comments?post=7054"}],"version-history":[{"count":4,"href":"https:\/\/sinedjib.com\/index.php\/wp-json\/wp\/v2\/pages\/7054\/revisions"}],"predecessor-version":[{"id":15038,"href":"https:\/\/sinedjib.com\/index.php\/wp-json\/wp\/v2\/pages\/7054\/revisions\/15038"}],"up":[{"embeddable":true,"href":"https:\/\/sinedjib.com\/index.php\/wp-json\/wp\/v2\/pages\/5483"}],"wp:attachment":[{"href":"https:\/\/sinedjib.com\/index.php\/wp-json\/wp\/v2\/media?parent=7054"}],"curies":[{"name":"wp","href":"https:\/\/api.w.org\/{rel}","templated":true}]}}