{"id":7328,"date":"2020-03-16T12:18:25","date_gmt":"2020-03-16T11:18:25","guid":{"rendered":"http:\/\/sinedjib.com\/?page_id=7328"},"modified":"2022-07-30T12:34:59","modified_gmt":"2022-07-30T10:34:59","slug":"alarme","status":"publish","type":"page","link":"https:\/\/sinedjib.com\/index.php\/ressources\/alarme\/","title":{"rendered":"Alarme"},"content":{"rendered":"\n<div class=\"wp-block-media-text alignwide is-stacked-on-mobile is-image-fill\"><figure class=\"wp-block-media-text__media\" style=\"background-image:url(https:\/\/i2.wp.com\/sinedjib.com\/wp-content\/uploads\/2020\/03\/Alarme-octobre-1979.png?w=387);background-position:47% 0%\"><img decoding=\"async\" src=\"https:\/\/i2.wp.com\/sinedjib.com\/wp-content\/uploads\/2020\/03\/Alarme-octobre-1979.png?w=387\" alt=\"\"\/><\/figure><div class=\"wp-block-media-text__content\">\n<p class=\"has-large-font-size\"><strong>Cette page recense les 11 articles d&rsquo;<em>Alarme<\/em> publi\u00e9s sur ce site depuis le 21 juillet 2018. L&rsquo;organe du <a rel=\"noreferrer noopener\" href=\"http:\/\/marxismo.school\/assets\/FOR\/for.html\" target=\"_blank\">Ferment ouvrier r\u00e9volutionnaire<\/a> a paru de 1978 \u00e0 1993.<\/strong> <strong>Les sommaires du journal sont consultables sur le site <a rel=\"noreferrer noopener\" href=\"https:\/\/archivesautonomies.org\/spip.php?article85\" target=\"_blank\">Archives Autonomies<\/a>.<\/strong><\/p>\n<\/div><\/div>\n\n\n\n<div class=\"wp-block-media-text alignwide has-media-on-the-right is-stacked-on-mobile is-image-fill\"><figure class=\"wp-block-media-text__media\" style=\"background-image:url(https:\/\/sinedjib.com\/wp-content\/uploads\/2020\/03\/Alarme-octobre-1979.png);background-position:63% 59%\"><img data-recalc-dims=\"1\" loading=\"lazy\" decoding=\"async\" width=\"387\" height=\"553\" data-attachment-id=\"7284\" data-permalink=\"https:\/\/sinedjib.com\/index.php\/2020\/03\/13\/racisme-3\/alarme-octobre-1979\/\" data-orig-file=\"https:\/\/i0.wp.com\/sinedjib.com\/wp-content\/uploads\/2020\/03\/Alarme-octobre-1979.png?fit=387%2C553&amp;ssl=1\" data-orig-size=\"387,553\" data-comments-opened=\"1\" data-image-meta=\"{&quot;aperture&quot;:&quot;0&quot;,&quot;credit&quot;:&quot;&quot;,&quot;camera&quot;:&quot;&quot;,&quot;caption&quot;:&quot;&quot;,&quot;created_timestamp&quot;:&quot;0&quot;,&quot;copyright&quot;:&quot;&quot;,&quot;focal_length&quot;:&quot;0&quot;,&quot;iso&quot;:&quot;0&quot;,&quot;shutter_speed&quot;:&quot;0&quot;,&quot;title&quot;:&quot;&quot;,&quot;orientation&quot;:&quot;0&quot;}\" data-image-title=\"Alarme-octobre-1979\" data-image-description=\"\" data-image-caption=\"\" data-large-file=\"https:\/\/i0.wp.com\/sinedjib.com\/wp-content\/uploads\/2020\/03\/Alarme-octobre-1979.png?fit=387%2C553&amp;ssl=1\" src=\"https:\/\/i0.wp.com\/sinedjib.com\/wp-content\/uploads\/2020\/03\/Alarme-octobre-1979.png?resize=387%2C553&#038;ssl=1\" alt=\"\" class=\"wp-image-7284 size-full\" srcset=\"https:\/\/i0.wp.com\/sinedjib.com\/wp-content\/uploads\/2020\/03\/Alarme-octobre-1979.png?w=387&amp;ssl=1 387w, https:\/\/i0.wp.com\/sinedjib.com\/wp-content\/uploads\/2020\/03\/Alarme-octobre-1979.png?resize=210%2C300&amp;ssl=1 210w\" sizes=\"auto, (max-width: 387px) 100vw, 387px\" \/><\/figure><div class=\"wp-block-media-text__content\">\n<p class=\"has-normal-font-size\">\u00ab\u00a0Ni racisme, ni anti-racisme, communisme !\u00a0\u00bb, paru dans <em>Alarme<\/em>, n\u00b0 6, octobre-novembre-d\u00e9cembre 1979. <a href=\"http:\/\/sinedjib.com\/index.php\/2020\/03\/13\/racisme-3\/\">Lien<\/a><\/p>\n\n\n\n<p>\u00ab\u00a0Les voyages du pape\u00a0\u00bb, paru dans <em>Alarme<\/em>, n\u00b0 6, octobre-novembre-d\u00e9cembre 1979. <a href=\"https:\/\/sinedjib.com\/index.php\/2021\/04\/28\/les-voyages-du-pape\/\">Lien<\/a><\/p>\n<\/div><\/div>\n\n\n\n<p>\u00ab\u00a0Religion et mystification\u00a0\u00bb, paru dans&nbsp;<em>Alarme<\/em>, n\u00b0 7, janvier-f\u00e9vrier-mars 1980. <a href=\"https:\/\/sinedjib.com\/index.php\/2021\/04\/26\/religion-et-mystification\/\">Lien<\/a><\/p>\n\n\n\n<p>\u00ab\u00a0Le Capital organise le racisme\u00a0\u00bb, paru dans <em>Alarme<\/em>, n\u00b0 10, octobre-novembre-d\u00e9cembre 1980. <a href=\"http:\/\/sinedjib.com\/index.php\/2020\/03\/16\/racisme-4\/\">Lien<\/a><\/p>\n\n\n\n<p>\u00ab\u00a0L\u2019arm\u00e9e massacre les ouvriers \u00e0 Beni Mered\u00a0\u00bb, paru dans&nbsp;<em>Alarme<\/em>, n\u00b0 14, octobre-novembre-d\u00e9cembre 1980. <a href=\"https:\/\/sinedjib.com\/index.php\/2021\/07\/15\/larmee-massacre-les-ouvriers-a-beni-mered\/\">Lien<\/a><\/p>\n\n\n\n<p>\u00ab\u00a0Rien \u00e0 foot de la d\u00e9mocratie\u00a0\u00bb, paru dans <em>Alarme<\/em>, n\u00b0 15, janvier-f\u00e9vrier-mars 1982. <a href=\"http:\/\/sinedjib.com\/index.php\/2018\/07\/21\/foot\/\">Lien<\/a><\/p>\n\n\n\n<p>\u00ab\u00a0Ni racisme, ni anti-racisme, lutte de classe\u00a0\u00bb, paru dans&nbsp;<em>Alarme<\/em>, n\u00b0 22, octobre-novembre-d\u00e9cembre 1983. <a href=\"http:\/\/sinedjib.com\/index.php\/2020\/03\/18\/racisme-5\/\">Lien<\/a><\/p>\n\n\n\n<p>\u00ab\u00a0Guerre Iran-Irak\u00a0\u00bb, paru dans <em>Alarme<\/em>, n\u00b0 23, janvier-f\u00e9vrier-mars 1984. <a href=\"http:\/\/sinedjib.com\/index.php\/2020\/01\/08\/guerre-iran-irak\/\">Lien<\/a><\/p>\n\n\n\n<p>\u00ab\u00a0Humanistes ou technocrates ?\u00a0\u00bb, paru dans&nbsp;<em>Alarme<\/em>, n\u00b0 24, avril-mai-juin 1984. <a href=\"https:\/\/sinedjib.com\/index.php\/2020\/12\/28\/humanistes-ou-technocrates\/\">Lien<\/a><\/p>\n\n\n\n<p>\u00ab\u00a0Touche pas \u00e0 l\u2019exploitation de classe\u00a0\u00bb, paru dans&nbsp;<em>Alarme<\/em>, n\u00b0 28, avril-mai-juin 1985. <a href=\"http:\/\/sinedjib.com\/index.php\/2020\/03\/20\/touche\/\">Lien<\/a><\/p>\n\n\n\n<p>\u00ab\u00a0Alg\u00e9rie, nation ind\u00e9pendante\u00a0\u00bb, paru dans <em>Alarme<\/em>, n\u00b0 40, avril \u00e0 d\u00e9cembre 1988. <a href=\"http:\/\/sinedjib.com\/index.php\/2018\/08\/16\/algerie-3\/\">Lien<\/a><\/p>\n","protected":false},"excerpt":{"rendered":"<p>Cette page recense les 11 articles d&rsquo;Alarme publi\u00e9s sur ce site depuis le 21 juillet 2018. L&rsquo;organe du Ferment ouvrier r\u00e9volutionnaire a paru de 1978 \u00e0 1993. Les sommaires du journal sont consultables sur le site Archives Autonomies. \u00ab\u00a0Ni racisme, ni anti-racisme, communisme !\u00a0\u00bb, paru dans Alarme, n\u00b0 6, octobre-novembre-d\u00e9cembre 1979. Lien \u00ab\u00a0Les voyages du [&hellip;]<\/p>\n","protected":false},"author":1,"featured_media":0,"parent":5483,"menu_order":0,"comment_status":"closed","ping_status":"closed","template":"","meta":{"jetpack_post_was_ever_published":false,"footnotes":""},"class_list":["post-7328","page","type-page","status-publish","hentry"],"jetpack_sharing_enabled":true,"jetpack_shortlink":"https:\/\/wp.me\/P9lTYU-1Uc","jetpack_likes_enabled":true,"jetpack-related-posts":[{"id":11279,"url":"https:\/\/sinedjib.com\/index.php\/le-bolchevik\/","url_meta":{"origin":7328,"position":0},"title":"Le Bolch\u00e9vik","author":"SiNedjib","date":"18\/01\/2021","format":false,"excerpt":"Cette page recense les 11 articles du Bolch\u00e9vik\u00a0publi\u00e9s sur ce site depuis le 15 d\u00e9cembre 2020. L\u2019organe de la Tendance spartaciste internationale\u00a0a \u00e9t\u00e9 lanc\u00e9 en 1976.\u00a0Les exemplaires du journal (jusqu'en 2011) sont t\u00e9l\u00e9chargeables sur le site\u00a0Marxists Internet Archive. \"Le massacre d\u2019octobre \u00e0 Alger\", paru dans Le Bolch\u00e9vik, n\u00b0 88, novembre\u2026","rel":"","context":"Article similaire","block_context":{"text":"Article similaire","link":""},"img":{"alt_text":"","src":"https:\/\/i0.wp.com\/sinedjib.com\/wp-content\/uploads\/2020\/12\/Le-Bolchevik-mars-1989.png?resize=350%2C200&ssl=1","width":350,"height":200},"classes":[]},{"id":6832,"url":"https:\/\/sinedjib.com\/index.php\/ressources\/le-reveil\/","url_meta":{"origin":7328,"position":1},"title":"Le R\u00e9veil","author":"SiNedjib","date":"25\/01\/2020","format":false,"excerpt":"Cette page recense les 10 articles du R\u00e9veil publi\u00e9s sur ce site depuis le 8 juin 2019. Le journal, d'abord intitul\u00e9 Le R\u00e9veil socialiste-anarchiste, a paru de 1900 \u00e0 1946. Les sommaires sont consultables sur le site Archives Autonomies. Les textes d'Errico Malatesta sont disponibles via ce lien. Georges Herzig,\u2026","rel":"","context":"Article similaire","block_context":{"text":"Article similaire","link":""},"img":{"alt_text":"","src":"","width":0,"height":0},"classes":[]},{"id":12945,"url":"https:\/\/sinedjib.com\/index.php\/linternationale\/","url_meta":{"origin":7328,"position":2},"title":"L&rsquo;Internationale","author":"SiNedjib","date":"13\/06\/2021","format":false,"excerpt":"Cette page recense les 13 articles de\u00a0L'Internationale\u00a0publi\u00e9s sur ce site depuis le 28 f\u00e9vrier 2021.\u00a0Ce journal du Parti communiste internationaliste a paru de 1962 \u00e0 1965.\u00a0Les sommaires sont consultables sur le site\u00a0RaDAR. \"Vive l\u2019Alg\u00e9rie ind\u00e9pendante\", paru dans L\u2019Internationale, n\u00b0 1, juin 1962. Lien \"Le C.N.R.A. envisage l\u2019avenir\", paru dans L\u2019Internationale,\u2026","rel":"","context":"Article similaire","block_context":{"text":"Article similaire","link":""},"img":{"alt_text":"","src":"https:\/\/i0.wp.com\/sinedjib.com\/wp-content\/uploads\/2021\/06\/LInternationale-mars-1965.png?resize=350%2C200&ssl=1","width":350,"height":200,"srcset":"https:\/\/i0.wp.com\/sinedjib.com\/wp-content\/uploads\/2021\/06\/LInternationale-mars-1965.png?resize=350%2C200&ssl=1 1x, https:\/\/i0.wp.com\/sinedjib.com\/wp-content\/uploads\/2021\/06\/LInternationale-mars-1965.png?resize=525%2C300&ssl=1 1.5x, https:\/\/i0.wp.com\/sinedjib.com\/wp-content\/uploads\/2021\/06\/LInternationale-mars-1965.png?resize=700%2C400&ssl=1 2x"},"classes":[]},{"id":16665,"url":"https:\/\/sinedjib.com\/index.php\/realites-algeriennes\/","url_meta":{"origin":7328,"position":3},"title":"R\u00e9alit\u00e9s alg\u00e9riennes","author":"SiNedjib","date":"18\/07\/2022","format":false,"excerpt":"Cette page recense les 5 articles de R\u00e9alit\u00e9s alg\u00e9riennes publi\u00e9s sur ce site depuis le 18 juin 2022. Ce bulletin, \u00e9dit\u00e9 par le Mouvement national alg\u00e9rien, a paru de 1959 \u00e0 1962. \"L\u2019accord F.L.N.-O.A.S. : Il y a d\u2019autres r\u00e9conciliations \u00e0 faire !\", paru dans R\u00e9alit\u00e9s Alg\u00e9riennes, n\u00b0 23, juin\u2026","rel":"","context":"Article similaire","block_context":{"text":"Article similaire","link":""},"img":{"alt_text":"","src":"https:\/\/i0.wp.com\/sinedjib.com\/wp-content\/uploads\/2022\/06\/1962-06-Realites-23_00.jpg?resize=350%2C200&ssl=1","width":350,"height":200,"srcset":"https:\/\/i0.wp.com\/sinedjib.com\/wp-content\/uploads\/2022\/06\/1962-06-Realites-23_00.jpg?resize=350%2C200&ssl=1 1x, https:\/\/i0.wp.com\/sinedjib.com\/wp-content\/uploads\/2022\/06\/1962-06-Realites-23_00.jpg?resize=525%2C300&ssl=1 1.5x, https:\/\/i0.wp.com\/sinedjib.com\/wp-content\/uploads\/2022\/06\/1962-06-Realites-23_00.jpg?resize=700%2C400&ssl=1 2x, https:\/\/i0.wp.com\/sinedjib.com\/wp-content\/uploads\/2022\/06\/1962-06-Realites-23_00.jpg?resize=1050%2C600&ssl=1 3x"},"classes":[]},{"id":22308,"url":"https:\/\/sinedjib.com\/index.php\/la-gauche\/","url_meta":{"origin":7328,"position":4},"title":"La Gauche","author":"SiNedjib","date":"17\/03\/2024","format":false,"excerpt":"Cette page recense les 8 articles du journal La Gauche publi\u00e9s sur ce site depuis le 22 f\u00e9vrier 2023. L'organe du Rassemblement d\u00e9mocratique r\u00e9volutionnaire (RDR) a paru de 1948 \u00e0 1949. Ses exemplaires sont consultables sur Retronews. David Rousset, \"Pour pratiquer la d\u00e9mocratie r\u00e9volutionnaire, il faut d\u2019abord d\u00e9noncer les mensonges\u2026","rel":"","context":"Article similaire","block_context":{"text":"Article similaire","link":""},"img":{"alt_text":"","src":"https:\/\/i0.wp.com\/sinedjib.com\/wp-content\/uploads\/2024\/03\/La-Gauche-16-juin-1948.png?resize=350%2C200&ssl=1","width":350,"height":200},"classes":[]},{"id":12078,"url":"https:\/\/sinedjib.com\/index.php\/jeune-taupe\/","url_meta":{"origin":7328,"position":5},"title":"Jeune Taupe","author":"SiNedjib","date":"07\/04\/2021","format":false,"excerpt":"Cette page recense les 6 articles de Jeune Taupe publi\u00e9s sur ce site depuis le 24 juillet 2018. L\u2019organe, \u00e9dit\u00e9 par le groupe Pour une intervention communiste,\u00a0a paru de 1974 \u00e0 1981.\u00a0Les sommaires du journal sont consultables sur le site\u00a0Archives Autonomies. \"A propos d\u2019une adresse aux prol\u00e9taires et aux jeunes\u2026","rel":"","context":"Article similaire","block_context":{"text":"Article similaire","link":""},"img":{"alt_text":"","src":"https:\/\/i0.wp.com\/sinedjib.com\/wp-content\/uploads\/2018\/08\/Jeune-Taupe-juin-1976.png?resize=350%2C200&ssl=1","width":350,"height":200},"classes":[]}],"_links":{"self":[{"href":"https:\/\/sinedjib.com\/index.php\/wp-json\/wp\/v2\/pages\/7328","targetHints":{"allow":["GET"]}}],"collection":[{"href":"https:\/\/sinedjib.com\/index.php\/wp-json\/wp\/v2\/pages"}],"about":[{"href":"https:\/\/sinedjib.com\/index.php\/wp-json\/wp\/v2\/types\/page"}],"author":[{"embeddable":true,"href":"https:\/\/sinedjib.com\/index.php\/wp-json\/wp\/v2\/users\/1"}],"replies":[{"embeddable":true,"href":"https:\/\/sinedjib.com\/index.php\/wp-json\/wp\/v2\/comments?post=7328"}],"version-history":[{"count":6,"href":"https:\/\/sinedjib.com\/index.php\/wp-json\/wp\/v2\/pages\/7328\/revisions"}],"predecessor-version":[{"id":16735,"href":"https:\/\/sinedjib.com\/index.php\/wp-json\/wp\/v2\/pages\/7328\/revisions\/16735"}],"up":[{"embeddable":true,"href":"https:\/\/sinedjib.com\/index.php\/wp-json\/wp\/v2\/pages\/5483"}],"wp:attachment":[{"href":"https:\/\/sinedjib.com\/index.php\/wp-json\/wp\/v2\/media?parent=7328"}],"curies":[{"name":"wp","href":"https:\/\/api.w.org\/{rel}","templated":true}]}}