{"id":7509,"date":"2020-04-04T12:16:01","date_gmt":"2020-04-04T10:16:01","guid":{"rendered":"http:\/\/sinedjib.com\/?page_id=7509"},"modified":"2022-07-30T12:37:09","modified_gmt":"2022-07-30T10:37:09","slug":"courant-alternatif","status":"publish","type":"page","link":"https:\/\/sinedjib.com\/index.php\/ressources\/courant-alternatif\/","title":{"rendered":"Courant alternatif"},"content":{"rendered":"\n<div class=\"wp-block-media-text alignwide is-stacked-on-mobile is-image-fill\"><figure class=\"wp-block-media-text__media\" style=\"background-image:url(https:\/\/i1.wp.com\/sinedjib.com\/wp-content\/uploads\/2019\/01\/Courant-alternatif-f%C3%A9vrier-1983-a.png?w=425);background-position:44% 0%\"><img decoding=\"async\" src=\"https:\/\/i1.wp.com\/sinedjib.com\/wp-content\/uploads\/2019\/01\/Courant-alternatif-f%C3%A9vrier-1983-a.png?w=425\" alt=\"\"\/><\/figure><div class=\"wp-block-media-text__content\">\n<p class=\"has-large-font-size\"><strong>Cette page recense les 45 articles de <em>Courant alternatif<\/em> publi\u00e9s sur ce site depuis le 23 juillet 2018. Le mensuel de l&rsquo;<a rel=\"noreferrer noopener\" href=\"http:\/\/www.oclibertaire.lautre.net\/spip.php?article3\" target=\"_blank\">Organisation communiste libertaire<\/a> a \u00e9t\u00e9 lanc\u00e9 en 1980. Les sommaires (jusqu&rsquo;en 1991) sont consultables sur le site <a rel=\"noreferrer noopener\" href=\"https:\/\/archivesautonomies.org\/spip.php?article3396\" target=\"_blank\">Archives Autonomies<\/a>.<\/strong><\/p>\n<\/div><\/div>\n\n\n\n<p>\u00ab\u00a0Iran : la r\u00e9volution assi\u00e9g\u00e9e\u2026\u00a0\u00bb, paru dans&nbsp;<em>Courant alternatif<\/em>, n\u00b0 23, f\u00e9vrier 1983. <a href=\"http:\/\/sinedjib.com\/index.php\/2019\/01\/29\/iran-3\/\">Lien<\/a><\/p>\n\n\n\n<p>Azad, \u00ab\u00a0L\u2019Iran au quotidien\u00a0\u00bb, paru dans&nbsp;<em>Courant alternatif<\/em>, n\u00b0 27, juin 1983. <a href=\"http:\/\/sinedjib.com\/index.php\/2019\/01\/31\/iran-4\/\">Lien<\/a><\/p>\n\n\n\n<p>\u00ab\u00a0L\u2019immigration et le racisme\u00a0\u00bb, paru dans&nbsp;<em>Courant alternatif<\/em>, n\u00b0 30, novembre 1983. <a href=\"http:\/\/sinedjib.com\/index.php\/2020\/04\/02\/racisme-7\/\">Lien<\/a><\/p>\n\n\n\n<p>\u00ab\u00a0Marche pour l\u2019\u00e9galit\u00e9\u00a0\u00bb, paru dans&nbsp;<em>Courant alternatif<\/em>, n\u00b0 31, d\u00e9cembre 1983. <a href=\"http:\/\/sinedjib.com\/index.php\/2020\/04\/04\/marche-2\/\">Lien<\/a><\/p>\n\n\n\n<p>Editorial paru dans&nbsp;<em>Courant alternatif<\/em>, n\u00b0 32, janvier 1984. <a href=\"http:\/\/sinedjib.com\/index.php\/2020\/04\/09\/edito\/\">Lien<\/a><\/p>\n\n\n\n<p>E. S. et C., \u00ab\u00a0Marche, crie et me venge\u00a0\u00bb, paru dans&nbsp;<em>Courant alternatif<\/em>, n\u00b0 33, f\u00e9vrier 1984. <a href=\"http:\/\/sinedjib.com\/index.php\/2020\/04\/11\/marche-3\/\">Lien<\/a><\/p>\n\n\n\n<p>\u00ab\u00a0Fascisme, racisme : quelle riposte ?\u00a0\u00bb, \u00e9ditorial paru dans&nbsp;<em>Courant alternatif<\/em>, n\u00b0 34, mars 1984. <a href=\"http:\/\/sinedjib.com\/index.php\/2020\/04\/13\/racisme-8\/\">Lien<\/a><\/p>\n\n\n\n<div class=\"wp-block-media-text alignwide has-media-on-the-right is-stacked-on-mobile is-image-fill\"><figure class=\"wp-block-media-text__media\" style=\"background-image:url(https:\/\/sinedjib.com\/wp-content\/uploads\/2021\/04\/Courant-alternatif-juin-1984.png);background-position:53% 57.99999999999999%\"><img data-recalc-dims=\"1\" loading=\"lazy\" decoding=\"async\" width=\"405\" height=\"581\" data-attachment-id=\"12313\" data-permalink=\"https:\/\/sinedjib.com\/index.php\/2021\/04\/24\/le-coran-a-lheure-des-hydrocarbures\/courant-alternatif-juin-1984\/\" data-orig-file=\"https:\/\/i0.wp.com\/sinedjib.com\/wp-content\/uploads\/2021\/04\/Courant-alternatif-juin-1984.png?fit=405%2C581&amp;ssl=1\" data-orig-size=\"405,581\" data-comments-opened=\"1\" data-image-meta=\"{&quot;aperture&quot;:&quot;0&quot;,&quot;credit&quot;:&quot;&quot;,&quot;camera&quot;:&quot;&quot;,&quot;caption&quot;:&quot;&quot;,&quot;created_timestamp&quot;:&quot;0&quot;,&quot;copyright&quot;:&quot;&quot;,&quot;focal_length&quot;:&quot;0&quot;,&quot;iso&quot;:&quot;0&quot;,&quot;shutter_speed&quot;:&quot;0&quot;,&quot;title&quot;:&quot;&quot;,&quot;orientation&quot;:&quot;0&quot;}\" data-image-title=\"Courant-alternatif-juin-1984\" data-image-description=\"\" data-image-caption=\"\" data-large-file=\"https:\/\/i0.wp.com\/sinedjib.com\/wp-content\/uploads\/2021\/04\/Courant-alternatif-juin-1984.png?fit=405%2C581&amp;ssl=1\" src=\"https:\/\/i0.wp.com\/sinedjib.com\/wp-content\/uploads\/2021\/04\/Courant-alternatif-juin-1984.png?resize=405%2C581&#038;ssl=1\" alt=\"\" class=\"wp-image-12313 size-full\" srcset=\"https:\/\/i0.wp.com\/sinedjib.com\/wp-content\/uploads\/2021\/04\/Courant-alternatif-juin-1984.png?w=405&amp;ssl=1 405w, https:\/\/i0.wp.com\/sinedjib.com\/wp-content\/uploads\/2021\/04\/Courant-alternatif-juin-1984.png?resize=209%2C300&amp;ssl=1 209w\" sizes=\"auto, (max-width: 405px) 100vw, 405px\" \/><\/figure><div class=\"wp-block-media-text__content\">\n<p class=\"has-normal-font-size\">\u00ab\u00a0Le Coran \u00e0 l\u2019heure des hydrocarbures\u00a0\u00bb, paru dans&nbsp;<em>Courant alternatif<\/em>, n\u00b0 37, juin 1984. <a href=\"https:\/\/sinedjib.com\/index.php\/2021\/04\/24\/le-coran-a-lheure-des-hydrocarbures\/\">Lien<\/a><\/p>\n\n\n\n<p>\u00ab\u00a0Islam et socialisme \u00e9tatique, un difficile \u00e9quilibre : l\u2019Alg\u00e9rie\u00a0\u00bb, paru dans <em>Courant alternatif<\/em>, n\u00b0 37, juin 1984. <a href=\"http:\/\/sinedjib.com\/index.php\/2018\/07\/23\/algerie\/\">Lien<\/a><\/p>\n<\/div><\/div>\n\n\n\n<p>\u00ab\u00a0Dossier immigration\u00a0\u00bb, paru dans&nbsp;<em>Courant alternatif<\/em>, n\u00b0 41, d\u00e9cembre 1984. <a href=\"http:\/\/sinedjib.com\/index.php\/2020\/04\/15\/immigration\/\">Lien<\/a><\/p>\n\n\n\n<p>\u00ab\u00a0Dossier Convergence 84\u00a0\u00bb, paru dans&nbsp;<em>Courant alternatif<\/em>,&nbsp;n\u00b0 42, janvier 1985. <a href=\"http:\/\/sinedjib.com\/index.php\/2020\/04\/17\/convergence-84\/\">Lien<\/a><\/p>\n\n\n\n<p>\u00ab\u00a0D\u00e9bats sur l\u2019apr\u00e8s Convergence\u00a0\u00bb, paru dans&nbsp;<em>Courant alternatif<\/em>, n\u00b0 45, avril 1985. <a href=\"http:\/\/sinedjib.com\/index.php\/2020\/04\/19\/convergence\/\">Lien<\/a><\/p>\n\n\n\n<p>\u00ab\u00a0Les projets de SOS Racisme\u00a0\u00bb, paru dans <em>Courant alternatif<\/em>, n\u00b0 47, juin 1985. <a href=\"http:\/\/sinedjib.com\/index.php\/2020\/04\/21\/sos-racisme\/\">Lien<\/a><\/p>\n\n\n\n<p>\u00ab\u00a0Le droit de vote des \u00e9trangers\u00a0\u00bb, paru dans <em>Courant alternatif<\/em>, n\u00b0 48, \u00e9t\u00e9 1985. <a href=\"http:\/\/sinedjib.com\/index.php\/2020\/04\/23\/etrangers\/\">Lien<\/a><\/p>\n\n\n\n<p>\u00ab\u00a0L\u2019autonomie du mouvement de travailleurs et jeunes issus de l\u2019immigration face \u00e0 l\u2019antiracisme large\u00a0\u00bb, paru dans&nbsp;<em>Courant alternatif<\/em>,&nbsp;n\u00b0 51, d\u00e9cembre 1985. <a href=\"http:\/\/sinedjib.com\/index.php\/2020\/04\/25\/antiracisme\/\">Lien<\/a><\/p>\n\n\n\n<p>\u00ab\u00a0Les mouvements pour l\u2019\u00e9galit\u00e9 des droits et contre le racisme\u00a0\u00bb, paru dans&nbsp;<em>Courant alternatif<\/em>, n\u00b0 52, janvier 1986. <a href=\"http:\/\/sinedjib.com\/index.php\/2020\/04\/27\/racisme-9\/\">Lien<\/a><\/p>\n\n\n\n<p>\u00ab\u00a0Une soir\u00e9e contre le racisme quotidien \u00e0 Reims\u00a0\u00bb, paru dans <em>Courant alternatif<\/em>, n\u00b0 54, mars 1986. <a href=\"http:\/\/sinedjib.com\/index.php\/2020\/04\/29\/racisme-10\/\">Lien<\/a><\/p>\n\n\n\n<p>\u00ab\u00a0Une \u201cgrande muette\u201d : l\u2019institution sportive\u00a0\u00bb, paru dans&nbsp;<em>Courant alternatif<\/em>,&nbsp;n\u00b0 57,&nbsp;juin 1986. <a href=\"https:\/\/sinedjib.com\/index.php\/2021\/04\/09\/une-grande-muette-linstitution-sportive\/\">Lien<\/a><\/p>\n\n\n\n<p>\u00ab\u00a0J&rsquo;y suis j&rsquo;y reste\u00a0\u00bb, paru dans&nbsp;<em>Courant alternatif<\/em>, n\u00b0 59, octobre 1986. <a href=\"http:\/\/sinedjib.com\/index.php\/2020\/05\/01\/jy-suis\/\">Lien<\/a><\/p>\n\n\n\n<p>\u00ab\u00a0Le couscous est un art\u00a0\u00bb, parus dans&nbsp;<em>Courant alternatif<\/em>, n\u00b0 60, novembre 1986. <a href=\"https:\/\/sinedjib.com\/index.php\/2020\/05\/03\/couscous\/\">Lien<\/a><\/p>\n\n\n\n<p>\u00ab\u00a0Quand l&rsquo;immigration prend ses affaires en main\u00a0\u00bb, paru dans&nbsp;<em>Courant alternatif<\/em>, n\u00b0 61, d\u00e9cembre 1986. <a href=\"https:\/\/sinedjib.com\/index.php\/2020\/05\/05\/immigration-2\/\">Lien<\/a><\/p>\n\n\n\n<p>\u00ab\u00a0Rencontres nationales des associations issues de l\u2019immigration et des associations de&nbsp;solidarit\u00e9\u00a0\u00bb, paru dans <em>Courant alternatif<\/em>, n\u00b0 64, mars 1987. <a href=\"https:\/\/sinedjib.com\/index.php\/2020\/05\/07\/immigration-3\/\">Lien<\/a><\/p>\n\n\n\n<p>\u00ab\u00a0Les initiatives des J.A.L.B.\u00a0\u00bb, paru dans&nbsp;<em>Courant alternatif<\/em>, n\u00b0 65, avril 1987. <a href=\"https:\/\/sinedjib.com\/index.php\/2020\/05\/09\/jalb\/\">Lien<\/a><\/p>\n\n\n\n<p>\u00ab\u00a0Une citoyennet\u00e9 pour l\u2019\u00e9galit\u00e9 des droits\u00a0\u00bb, paru dans&nbsp;<em>Courant alternatif<\/em>, n\u00b0 66, mai 1987. <a href=\"https:\/\/sinedjib.com\/index.php\/2020\/05\/12\/immigration-4\/\">Lien<\/a><\/p>\n\n\n\n<p>J.-M. Chamb\u00e9ry, \u00ab\u00a0Des jeux ?\u00a0\u00bb, paru dans&nbsp;<em>Courant alternatif<\/em>,&nbsp;n\u00b0 79, octobre 1988. <a href=\"https:\/\/sinedjib.com\/index.php\/2021\/04\/11\/j-m-chambery-des-jeux\/\">Lien<\/a><\/p>\n\n\n\n<p>\u00ab\u00a0Affaire Rushdie\u00a0\u00bb, dossier paru dans&nbsp;<em>Courant alternatif<\/em>, n\u00b0 85, avril 1989. <a href=\"https:\/\/sinedjib.com\/index.php\/2020\/11\/15\/affaire-rushdie\/\">Lien<\/a><\/p>\n\n\n\n<p>\u00ab\u00a0Femmes alg\u00e9riennes\u00a0\u00bb, paru dans&nbsp;<em>Courant alternatif<\/em>, n\u00b0 10, juin 1991. <a href=\"https:\/\/sinedjib.com\/index.php\/2021\/06\/18\/femmes-algeriennes-3\/\">Lien<\/a><\/p>\n\n\n\n<p>\u00ab\u00a0La situation alg\u00e9rienne\u00a0\u00bb, paru dans <em>Courant alternatif<\/em>, n\u00b0 17, mars 1992. <a href=\"https:\/\/sinedjib.com\/index.php\/2021\/12\/20\/la-situation-algerienne-2\/\">Lien<\/a><\/p>\n\n\n\n<p>Karim Thaghest, \u00ab\u00a0Alg\u00e9rie : Les d\u00e9mocrates contre la d\u00e9mocratie ou 30 ans pour rien\u00a0\u00bb, paru dans&nbsp;<em>Courant alternatif<\/em>, n\u00b0 21, \u00e9t\u00e9 1992. <a href=\"https:\/\/sinedjib.com\/index.php\/2021\/07\/09\/karim-thaghest-algerie-les-democrates-contre-la-democratie-ou-30-ans-pour-rien\/\">Lien<\/a><\/p>\n\n\n\n<p>Karim, \u00ab\u00a0Dette, dictature\u2026 contre d\u00e9veloppement, d\u00e9mocratie, l\u2019Alg\u00e9rie en 4 dimensions\u00a0\u00bb, paru dans <em>Courant alternatif<\/em>, n\u00b0 24, d\u00e9cembre 1992. <a href=\"https:\/\/sinedjib.com\/index.php\/2021\/12\/22\/karim-dette-dictature-contre-developpement-democratie-lalgerie-en-4-dimensions\/\">Lien<\/a><\/p>\n\n\n\n<p>Karim Thaghest, \u00ab\u00a0Alg\u00e9rie. Normalisation et logique coloniale\u00a0\u00bb, paru dans&nbsp;<em>Courant alternatif<\/em>, n\u00b0 26, f\u00e9vrier 1993. <a href=\"https:\/\/sinedjib.com\/index.php\/2021\/06\/20\/karim-thaghest-algerie-normalisation-et-logique-coloniale\/\">Lien<\/a><\/p>\n\n\n\n<p>Karim, \u00ab\u00a0Alg\u00e9rie. R\u00e9pression et chaos\u00a0\u00bb, paru dans&nbsp;<em>Courant alternatif<\/em>, n\u00b0 29, mai 1993. <a href=\"https:\/\/sinedjib.com\/index.php\/2021\/02\/02\/karim-algerie-repression-et-chaos\/\">Lien<\/a><\/p>\n\n\n\n<p>Jean-Louis Hurst, \u00ab\u00a0Verg\u00e8s trahit-il l\u2019Alg\u00e9rie ?\u00a0\u00bb, paru dans&nbsp;<em>Courant alternatif<\/em>, n\u00b0 36, f\u00e9vrier 1994. <a href=\"https:\/\/sinedjib.com\/index.php\/2021\/06\/22\/jean-louis-hurst-verges-trahit-il-lalgerie\/\">Lien<\/a><\/p>\n\n\n\n<p>Jean-Louis Hurst, \u00ab\u00a0Alg\u00e9rie, la barbarie\u00a0\u00bb, paru dans&nbsp;<em>Courant alternatif<\/em>, n\u00b0 38, avril 1994. <a href=\"https:\/\/sinedjib.com\/index.php\/2021\/06\/24\/jean-louis-hurst-algerie-la-barbarie\/\">Lien<\/a><\/p>\n\n\n\n<p>S., \u00ab\u00a0L\u2019Alg\u00e9rie, son dieu et ses ma\u00eetres !\u00a0\u00bb, paru dans&nbsp;<em>Courant alternatif<\/em>, n\u00b0 40, juin 1994. <a href=\"https:\/\/sinedjib.com\/index.php\/2021\/02\/04\/s-lalgerie-son-dieu-et-ses-maitres\/\">Lien<\/a><\/p>\n\n\n\n<p>Karim, \u00ab\u00a0Alg\u00e9rie. Les enjeux de la crise\u00a0\u00bb, paru dans&nbsp;<em>Courant alternatif<\/em>, n\u00b0 43, novembre 1994. <a href=\"https:\/\/sinedjib.com\/index.php\/2021\/02\/06\/karim-algerie-les-enjeux-de-la-crise\/\">Lien<\/a><\/p>\n\n\n\n<p>\u00ab\u00a0Alg\u00e9rie : Islamisme et violence des origines \u00e0 aujourd\u2019hui\u00a0\u00bb, paru dans&nbsp;<em>Courant alternatif<\/em>, n\u00b0 45, janvier 1995. <a href=\"https:\/\/sinedjib.com\/index.php\/2021\/02\/08\/algerie-islamisme-et-violence-des-origines-a-aujourdhui\/\">Lien<\/a><\/p>\n\n\n\n<p>Romulus, \u00ab\u00a0Alg\u00e9rie. Chez les saigneurs\u00a0\u00bb, paru dans&nbsp;<em>Courant alternatif<\/em>,&nbsp;n\u00b0 47,&nbsp;mars 1995. <a href=\"https:\/\/sinedjib.com\/index.php\/2021\/06\/26\/romulus-algerie-chez-les-saigneurs\/\">Lien<\/a><\/p>\n\n\n\n<p>Karim Thaghest, \u00ab\u00a0Alg\u00e9rie. \u201cL\u2019heure des oublis\u201d\u00a0\u00bb, paru dans&nbsp;<em>Courant alternatif<\/em>, n\u00b0 49, mai 1995. <a href=\"https:\/\/sinedjib.com\/index.php\/2021\/02\/10\/karim-thaghest-algerie-lheure-des-oublis\/\">Lien<\/a><\/p>\n\n\n\n<p>Karim Thaghest, \u00ab\u00a0Les lassitudes du peuple alg\u00e9rien pi\u00e9g\u00e9 !\u00a0\u00bb, paru dans&nbsp;<em>Courant alternatif<\/em>, n\u00b0 54, d\u00e9cembre 1995. <a href=\"https:\/\/sinedjib.com\/index.php\/2021\/02\/12\/karim-thaghest-les-lassitudes-du-peuple-algerien-piege\/\">Lien<\/a><\/p>\n\n\n\n<p>\u00ab\u00a0Alg\u00e9rie : L\u2019espoir et la pratique d\u2019une jeunesse enrag\u00e9e\u00a0\u00bb, paru dans&nbsp;<em>Courant alternatif<\/em>, n\u00b0 77, mars 1998. <a href=\"https:\/\/sinedjib.com\/index.php\/2021\/06\/28\/algerie-lespoir-et-la-pratique-dune-jeunesse-enragee\/\">Lien<\/a><\/p>\n\n\n\n<p>G\u00e9rard Lamari, \u00ab\u00a0Alg\u00e9rie. Un chanteur assassin\u00e9\u00a0\u00bb, paru dans&nbsp;<em>Courant alternatif<\/em>, n\u00b0 81, \u00e9t\u00e9 1998. <a href=\"https:\/\/sinedjib.com\/index.php\/2021\/06\/30\/g-y-l-algerie-un-chanteur-assassine\/\">Lien<\/a><\/p>\n\n\n\n<p>G\u00e9rard Lamari, \u00ab\u00a0Alg\u00e9rie. Une \u00e9lection plurielle avec un candidat unique\u00a0\u00bb, paru dans&nbsp;<em>Courant alternatif<\/em>, n\u00b0 90, juin 1999. <a href=\"https:\/\/sinedjib.com\/index.php\/2021\/07\/02\/g-lamari-algerie-une-election-plurielle-avec-un-candidat-unique\/\">Lien<\/a><\/p>\n\n\n\n<p>G\u00e9rard Lamari, \u00ab\u00a0Alg\u00e9rie. Les r\u00e9sultats de la loi sur la \u00ab concorde civile \u00bb tournent \u00e0 la \u00ab concorde militaire \u00bb\u00a0\u00bb, paru dans&nbsp;<em>Courant alternatif<\/em>, n\u00b0 97, mars 2000. <a href=\"https:\/\/sinedjib.com\/index.php\/2021\/07\/04\/g-lamari-algerie-les-resultats-de-la-loi-sur-la-concorde-civile-tournent-a-la-concorde-militaire\/\">Lien<\/a><\/p>\n\n\n\n<p>G\u00e9rard Lamari, \u00ab\u00a0Alg\u00e9rie. O\u00f9 en est le mouvement social ?\u00a0\u00bb, paru dans&nbsp;<em>Courant alternatif<\/em>, n\u00b0 99, mai 2000. <a href=\"https:\/\/sinedjib.com\/index.php\/2021\/07\/07\/g-lamari-algerie-ou-en-est-le-mouvement-social\/\">Lien<\/a><\/p>\n","protected":false},"excerpt":{"rendered":"<p>Cette page recense les 45 articles de Courant alternatif publi\u00e9s sur ce site depuis le 23 juillet 2018. Le mensuel de l&rsquo;Organisation communiste libertaire a \u00e9t\u00e9 lanc\u00e9 en 1980. Les sommaires (jusqu&rsquo;en 1991) sont consultables sur le site Archives Autonomies. \u00ab\u00a0Iran : la r\u00e9volution assi\u00e9g\u00e9e\u2026\u00a0\u00bb, paru dans&nbsp;Courant alternatif, n\u00b0 23, f\u00e9vrier 1983. Lien Azad, \u00ab\u00a0L\u2019Iran [&hellip;]<\/p>\n","protected":false},"author":1,"featured_media":0,"parent":5483,"menu_order":0,"comment_status":"closed","ping_status":"closed","template":"","meta":{"jetpack_post_was_ever_published":false,"footnotes":""},"class_list":["post-7509","page","type-page","status-publish","hentry"],"jetpack_sharing_enabled":true,"jetpack_shortlink":"https:\/\/wp.me\/P9lTYU-1X7","jetpack_likes_enabled":true,"jetpack-related-posts":[{"id":9586,"url":"https:\/\/sinedjib.com\/index.php\/mes-textes\/","url_meta":{"origin":7509,"position":0},"title":"Mes textes","author":"SiNedjib","date":"17\/08\/2020","format":false,"excerpt":"Voici un aper\u00e7u de mes textes les plus r\u00e9cents : \u00ab\u00a0Quelques r\u00e9flexions sur la S\u00e9paration des \u00c9glises et de l\u2019\u00c9tat\u00a0\u00bb et \u00ab\u00a0Hommage \u00e0 Mohammed Harbi\u00a0\u00bb, n\u00b0 832, La R\u00e9volution prol\u00e9tarienne, mars 2026 \"Socialisme, immigration et racisme\", Courant alternatif, n\u00b0 358, mars 2026. En ligne \u00ab Hypocrisie fran\u00e7aise \u00bb, Cercle des\u2026","rel":"","context":"Article similaire","block_context":{"text":"Article similaire","link":""},"img":{"alt_text":"","src":"https:\/\/i0.wp.com\/sinedjib.com\/wp-content\/uploads\/2026\/03\/Une-de-RP-832-1024x1448-1.jpg?resize=350%2C200&ssl=1","width":350,"height":200,"srcset":"https:\/\/i0.wp.com\/sinedjib.com\/wp-content\/uploads\/2026\/03\/Une-de-RP-832-1024x1448-1.jpg?resize=350%2C200&ssl=1 1x, https:\/\/i0.wp.com\/sinedjib.com\/wp-content\/uploads\/2026\/03\/Une-de-RP-832-1024x1448-1.jpg?resize=525%2C300&ssl=1 1.5x, https:\/\/i0.wp.com\/sinedjib.com\/wp-content\/uploads\/2026\/03\/Une-de-RP-832-1024x1448-1.jpg?resize=700%2C400&ssl=1 2x"},"classes":[]},{"id":9606,"url":"https:\/\/sinedjib.com\/index.php\/litterature-critique-sociale\/","url_meta":{"origin":7509,"position":1},"title":"Litt\u00e9rature, po\u00e9sie et critique sociale","author":"SiNedjib","date":"17\/08\/2020","format":false,"excerpt":"\u00ab\u00a0Quelques r\u00e9flexions sur la S\u00e9paration des \u00c9glises et de l\u2019\u00c9tat\u00a0\u00bb et \u00ab\u00a0Hommage \u00e0 Mohammed Harbi\u00a0\u00bb, n\u00b0 832, La R\u00e9volution prol\u00e9tarienne, mars 2026 \u00ab\u00a0Socialisme, immigration et racisme\u00a0\u00bb,\u00a0Courant alternatif, n\u00b0 358, mars 2026. En ligne \u00ab Hypocrisie fran\u00e7aise \u00bb, Cercle des ami.e.s de l'A.I.T. de Montr\u00e9al, 26 f\u00e9vrier 2026. En ligne \"What\u2026","rel":"","context":"Article similaire","block_context":{"text":"Article similaire","link":""},"img":{"alt_text":"","src":"https:\/\/i0.wp.com\/sinedjib.com\/wp-content\/uploads\/2026\/03\/Une-de-RP-832-1024x1448-1.jpg?resize=350%2C200&ssl=1","width":350,"height":200,"srcset":"https:\/\/i0.wp.com\/sinedjib.com\/wp-content\/uploads\/2026\/03\/Une-de-RP-832-1024x1448-1.jpg?resize=350%2C200&ssl=1 1x, https:\/\/i0.wp.com\/sinedjib.com\/wp-content\/uploads\/2026\/03\/Une-de-RP-832-1024x1448-1.jpg?resize=525%2C300&ssl=1 1.5x, https:\/\/i0.wp.com\/sinedjib.com\/wp-content\/uploads\/2026\/03\/Une-de-RP-832-1024x1448-1.jpg?resize=700%2C400&ssl=1 2x"},"classes":[]},{"id":171,"url":"https:\/\/sinedjib.com\/index.php\/liens-2\/","url_meta":{"origin":7509,"position":2},"title":"Liens","author":"Nedjib Sidi Moussa","date":"29\/03\/2013","format":false,"excerpt":"Parmi les m\u00e9dias et sites qui \u00e9voquent des engagements ou publications : Kim Willsher, \"New film adaptation of Camus\u2019s L\u2019\u00c9tranger opens old colonial wounds\", The Guardian, 28 November 2025. Link La suite est \u00e0 consulter sur cette page. Parmi les publications ou ouvrages qui citent et font \u00e9cho \u00e0 mes\u2026","rel":"","context":"Article similaire","block_context":{"text":"Article similaire","link":""},"img":{"alt_text":"","src":"https:\/\/i0.wp.com\/sinedjib.com\/wp-content\/uploads\/2025\/11\/guardian.png?resize=350%2C200&ssl=1","width":350,"height":200},"classes":[]},{"id":22345,"url":"https:\/\/sinedjib.com\/index.php\/index-des-publications\/","url_meta":{"origin":7509,"position":3},"title":"Index des publications","author":"SiNedjib","date":"17\/03\/2024","format":false,"excerpt":"Cette page pr\u00e9sente un index des publications (bulletins, journaux, revues, etc.) dont cinq textes \u2013 ou plus \u2013 ont \u00e9t\u00e9 retranscrits sur ce site depuis 2012. La liste sera progressivement compl\u00e9t\u00e9e avec l\u2019ensemble des autres r\u00e9f\u00e9rences. A Alarme ; Alger R\u00e9publicain ; Alternative libertaire ; Arguments ; B Le Bolch\u00e9vik\u2026","rel":"","context":"Article similaire","block_context":{"text":"Article similaire","link":""},"img":{"alt_text":"","src":"","width":0,"height":0},"classes":[]},{"id":12078,"url":"https:\/\/sinedjib.com\/index.php\/jeune-taupe\/","url_meta":{"origin":7509,"position":4},"title":"Jeune Taupe","author":"SiNedjib","date":"07\/04\/2021","format":false,"excerpt":"Cette page recense les 6 articles de Jeune Taupe publi\u00e9s sur ce site depuis le 24 juillet 2018. L\u2019organe, \u00e9dit\u00e9 par le groupe Pour une intervention communiste,\u00a0a paru de 1974 \u00e0 1981.\u00a0Les sommaires du journal sont consultables sur le site\u00a0Archives Autonomies. \"A propos d\u2019une adresse aux prol\u00e9taires et aux jeunes\u2026","rel":"","context":"Article similaire","block_context":{"text":"Article similaire","link":""},"img":{"alt_text":"","src":"https:\/\/i0.wp.com\/sinedjib.com\/wp-content\/uploads\/2018\/08\/Jeune-Taupe-juin-1976.png?resize=350%2C200&ssl=1","width":350,"height":200},"classes":[]},{"id":9601,"url":"https:\/\/sinedjib.com\/index.php\/recensions-comptes-rendus\/","url_meta":{"origin":7509,"position":5},"title":"Recensions, comptes-rendus et notes de lecture","author":"SiNedjib","date":"17\/08\/2020","format":false,"excerpt":"\u00ab Le FLN, mirage et r\u00e9alit\u00e9 \u00bb, ContreTemps. Revue de critique communiste, n\u00b0 67, octobre 2025[\u00e0 propos de Mohammed Harbi, Le FLN, mirage et r\u00e9alit\u00e9, Paris, Syllepse, 2024] \"Le proc\u00e8s Papon\", La R\u00e9volution prol\u00e9tarienne, n\u00b0 830, septembre 2025[\u00e0 propos de Jean-Jacques Gandini, Le proc\u00e8s Papon, Lorient, Le Passager clandestin, 2025]\u2026","rel":"","context":"Article similaire","block_context":{"text":"Article similaire","link":""},"img":{"alt_text":"","src":"https:\/\/i0.wp.com\/sinedjib.com\/wp-content\/uploads\/2025\/12\/FLN-mirage-2.jpg?resize=350%2C200&ssl=1","width":350,"height":200,"srcset":"https:\/\/i0.wp.com\/sinedjib.com\/wp-content\/uploads\/2025\/12\/FLN-mirage-2.jpg?resize=350%2C200&ssl=1 1x, https:\/\/i0.wp.com\/sinedjib.com\/wp-content\/uploads\/2025\/12\/FLN-mirage-2.jpg?resize=525%2C300&ssl=1 1.5x, https:\/\/i0.wp.com\/sinedjib.com\/wp-content\/uploads\/2025\/12\/FLN-mirage-2.jpg?resize=700%2C400&ssl=1 2x"},"classes":[]}],"_links":{"self":[{"href":"https:\/\/sinedjib.com\/index.php\/wp-json\/wp\/v2\/pages\/7509","targetHints":{"allow":["GET"]}}],"collection":[{"href":"https:\/\/sinedjib.com\/index.php\/wp-json\/wp\/v2\/pages"}],"about":[{"href":"https:\/\/sinedjib.com\/index.php\/wp-json\/wp\/v2\/types\/page"}],"author":[{"embeddable":true,"href":"https:\/\/sinedjib.com\/index.php\/wp-json\/wp\/v2\/users\/1"}],"replies":[{"embeddable":true,"href":"https:\/\/sinedjib.com\/index.php\/wp-json\/wp\/v2\/comments?post=7509"}],"version-history":[{"count":27,"href":"https:\/\/sinedjib.com\/index.php\/wp-json\/wp\/v2\/pages\/7509\/revisions"}],"predecessor-version":[{"id":16737,"href":"https:\/\/sinedjib.com\/index.php\/wp-json\/wp\/v2\/pages\/7509\/revisions\/16737"}],"up":[{"embeddable":true,"href":"https:\/\/sinedjib.com\/index.php\/wp-json\/wp\/v2\/pages\/5483"}],"wp:attachment":[{"href":"https:\/\/sinedjib.com\/index.php\/wp-json\/wp\/v2\/media?parent=7509"}],"curies":[{"name":"wp","href":"https:\/\/api.w.org\/{rel}","templated":true}]}}