{"id":8513,"date":"2020-05-23T12:46:54","date_gmt":"2020-05-23T10:46:54","guid":{"rendered":"https:\/\/sinedjib.com\/?page_id=8513"},"modified":"2022-07-30T12:36:19","modified_gmt":"2022-07-30T10:36:19","slug":"bulletin-de-liaison","status":"publish","type":"page","link":"https:\/\/sinedjib.com\/index.php\/bulletin-de-liaison\/","title":{"rendered":"Bulletin de liaison"},"content":{"rendered":"\n<div class=\"wp-block-media-text alignwide is-stacked-on-mobile is-image-fill\"><figure class=\"wp-block-media-text__media\" style=\"background-image:url(https:\/\/sinedjib.com\/wp-content\/uploads\/2020\/01\/Bulletin-de-liaison-d\u00e9cembre-1965.png);background-position:47% 0%\"><img data-recalc-dims=\"1\" loading=\"lazy\" decoding=\"async\" width=\"372\" height=\"486\" data-attachment-id=\"6758\" data-permalink=\"https:\/\/sinedjib.com\/index.php\/2020\/01\/11\/austerite\/bulletin-de-liaison-decembre-1965\/\" data-orig-file=\"https:\/\/i0.wp.com\/sinedjib.com\/wp-content\/uploads\/2020\/01\/Bulletin-de-liaison-d%C3%A9cembre-1965.png?fit=372%2C486&amp;ssl=1\" data-orig-size=\"372,486\" data-comments-opened=\"1\" data-image-meta=\"{&quot;aperture&quot;:&quot;0&quot;,&quot;credit&quot;:&quot;&quot;,&quot;camera&quot;:&quot;&quot;,&quot;caption&quot;:&quot;&quot;,&quot;created_timestamp&quot;:&quot;0&quot;,&quot;copyright&quot;:&quot;&quot;,&quot;focal_length&quot;:&quot;0&quot;,&quot;iso&quot;:&quot;0&quot;,&quot;shutter_speed&quot;:&quot;0&quot;,&quot;title&quot;:&quot;&quot;,&quot;orientation&quot;:&quot;0&quot;}\" data-image-title=\"Bulletin-de-liaison-d\u00e9cembre-1965\" data-image-description=\"\" data-image-caption=\"\" data-large-file=\"https:\/\/i0.wp.com\/sinedjib.com\/wp-content\/uploads\/2020\/01\/Bulletin-de-liaison-d%C3%A9cembre-1965.png?fit=372%2C486&amp;ssl=1\" src=\"https:\/\/i0.wp.com\/sinedjib.com\/wp-content\/uploads\/2020\/01\/Bulletin-de-liaison-d%C3%A9cembre-1965.png?resize=372%2C486&#038;ssl=1\" alt=\"\" class=\"wp-image-6758 size-full\" srcset=\"https:\/\/i0.wp.com\/sinedjib.com\/wp-content\/uploads\/2020\/01\/Bulletin-de-liaison-d%C3%A9cembre-1965.png?w=372&amp;ssl=1 372w, https:\/\/i0.wp.com\/sinedjib.com\/wp-content\/uploads\/2020\/01\/Bulletin-de-liaison-d%C3%A9cembre-1965.png?resize=230%2C300&amp;ssl=1 230w\" sizes=\"auto, (max-width: 372px) 100vw, 372px\" \/><\/figure><div class=\"wp-block-media-text__content\">\n<p class=\"has-large-font-size\"><strong>Cette page recense les 6 articles du <em>Bulletin de liaison<\/em> publi\u00e9s sur ce site depuis le 24 octobre 2019. L\u2019organe du Comit\u00e9 national de d\u00e9fense de la r\u00e9volution (li\u00e9 au Parti de la r\u00e9volution socialiste cr\u00e9\u00e9 par <a rel=\"noreferrer noopener\" href=\"https:\/\/maitron.fr\/spip.php?article151700\" target=\"_blank\">Mohamed Boudiaf<\/a>)&nbsp;a paru de 1965 \u00e0 1967.<\/strong><\/p>\n<\/div><\/div>\n\n\n\n<p>\u00ab\u00a0Aust\u00e9rit\u00e9 pour qui ?\u00a0\u00bb, paru dans le <em>Bulletin de liaison<\/em>, n\u00b04, d\u00e9cembre 1965. <a href=\"https:\/\/sinedjib.com\/index.php\/2020\/01\/11\/austerite\/\">Lien<\/a><\/p>\n\n\n\n<p>\u00ab\u00a0Alger : les \u00e9tudiants manifestent\u00a0\u00bb, paru dans le&nbsp;<em>Bulletin de liaison<\/em>, n\u00b0 6, f\u00e9vrier 1966. <a href=\"https:\/\/sinedjib.com\/index.php\/2020\/06\/01\/alger-etudiants\/\">Lien<\/a><\/p>\n\n\n\n<p>\u00ab\u00a0Un seul combat, une seule voie\u00a0\u00bb, paru dans le&nbsp;<em>Bulletin de liaison<\/em>, n\u00b0 7, avril 1966. <a href=\"https:\/\/sinedjib.com\/index.php\/2020\/01\/28\/combat-2\/\">Lien<\/a><\/p>\n\n\n\n<p>\u00ab\u00a0Il y a un, les \u00e9tudiants manifestaient \u00e0 Alger\u00a0\u00bb, paru dans le&nbsp;<em>Bulletin de liaison<\/em>, n\u00b0 11, f\u00e9vrier 1967. <a href=\"https:\/\/sinedjib.com\/index.php\/2020\/05\/21\/etudiants\/\">Lien<\/a><\/p>\n\n\n\n<div class=\"wp-block-media-text alignwide has-media-on-the-right is-stacked-on-mobile is-image-fill\"><figure class=\"wp-block-media-text__media\" style=\"background-image:url(https:\/\/sinedjib.com\/wp-content\/uploads\/2019\/10\/Bulletin-1er-mai-1967.png);background-position:47% 36%\"><img data-recalc-dims=\"1\" loading=\"lazy\" decoding=\"async\" width=\"471\" height=\"613\" data-attachment-id=\"6381\" data-permalink=\"https:\/\/sinedjib.com\/index.php\/2019\/10\/24\/opposition\/bulletin-1er-mai-1967\/\" data-orig-file=\"https:\/\/i0.wp.com\/sinedjib.com\/wp-content\/uploads\/2019\/10\/Bulletin-1er-mai-1967.png?fit=471%2C613&amp;ssl=1\" data-orig-size=\"471,613\" data-comments-opened=\"1\" data-image-meta=\"{&quot;aperture&quot;:&quot;0&quot;,&quot;credit&quot;:&quot;&quot;,&quot;camera&quot;:&quot;&quot;,&quot;caption&quot;:&quot;&quot;,&quot;created_timestamp&quot;:&quot;0&quot;,&quot;copyright&quot;:&quot;&quot;,&quot;focal_length&quot;:&quot;0&quot;,&quot;iso&quot;:&quot;0&quot;,&quot;shutter_speed&quot;:&quot;0&quot;,&quot;title&quot;:&quot;&quot;,&quot;orientation&quot;:&quot;0&quot;}\" data-image-title=\"Bulletin-1er-mai-1967\" data-image-description=\"\" data-image-caption=\"\" data-large-file=\"https:\/\/i0.wp.com\/sinedjib.com\/wp-content\/uploads\/2019\/10\/Bulletin-1er-mai-1967.png?fit=471%2C613&amp;ssl=1\" src=\"https:\/\/i0.wp.com\/sinedjib.com\/wp-content\/uploads\/2019\/10\/Bulletin-1er-mai-1967.png?resize=471%2C613&#038;ssl=1\" alt=\"\" class=\"wp-image-6381 size-full\" srcset=\"https:\/\/i0.wp.com\/sinedjib.com\/wp-content\/uploads\/2019\/10\/Bulletin-1er-mai-1967.png?w=471&amp;ssl=1 471w, https:\/\/i0.wp.com\/sinedjib.com\/wp-content\/uploads\/2019\/10\/Bulletin-1er-mai-1967.png?resize=231%2C300&amp;ssl=1 231w\" sizes=\"auto, (max-width: 471px) 100vw, 471px\" \/><\/figure><div class=\"wp-block-media-text__content\">\n<p class=\"has-normal-font-size\">\u00ab\u00a0Gr\u00e8ve g\u00e9n\u00e9rale des lyc\u00e9ens d&rsquo;Alger\u00a0\u00bb, paru dans le&nbsp;<em>Bulletin de liaison<\/em>, n\u00b0 12, 1er mai 1967. <a href=\"https:\/\/sinedjib.com\/index.php\/2020\/05\/23\/lyceens\/\">Lien<\/a><\/p>\n\n\n\n<p>\u00ab\u00a0Opposition : \u00eatre \u00e0 la fois r\u00e9volutionnaire et oppos\u00e9 au r\u00e9gime\u00a0\u00bb, paru dans le&nbsp;<em>Bulletin de liaison<\/em>, n\u00b0 12, 1er mai 1967. <a href=\"https:\/\/sinedjib.com\/index.php\/2019\/10\/24\/opposition\/\">Lien<\/a><\/p>\n<\/div><\/div>\n","protected":false},"excerpt":{"rendered":"<p>Cette page recense les 6 articles du Bulletin de liaison publi\u00e9s sur ce site depuis le 24 octobre 2019. L\u2019organe du Comit\u00e9 national de d\u00e9fense de la r\u00e9volution (li\u00e9 au Parti de la r\u00e9volution socialiste cr\u00e9\u00e9 par Mohamed Boudiaf)&nbsp;a paru de 1965 \u00e0 1967. \u00ab\u00a0Aust\u00e9rit\u00e9 pour qui ?\u00a0\u00bb, paru dans le Bulletin de liaison, n\u00b04, [&hellip;]<\/p>\n","protected":false},"author":1,"featured_media":0,"parent":0,"menu_order":0,"comment_status":"closed","ping_status":"closed","template":"","meta":{"jetpack_post_was_ever_published":false,"footnotes":""},"class_list":["post-8513","page","type-page","status-publish","hentry"],"jetpack_sharing_enabled":true,"jetpack_shortlink":"https:\/\/wp.me\/P9lTYU-2dj","jetpack_likes_enabled":true,"jetpack-related-posts":[{"id":22345,"url":"https:\/\/sinedjib.com\/index.php\/index-des-publications\/","url_meta":{"origin":8513,"position":0},"title":"Index des publications","author":"SiNedjib","date":"17\/03\/2024","format":false,"excerpt":"Cette page pr\u00e9sente un index des publications (bulletins, journaux, revues, etc.) dont cinq textes \u2013 ou plus \u2013 ont \u00e9t\u00e9 retranscrits sur ce site depuis 2012. La liste sera progressivement compl\u00e9t\u00e9e avec l\u2019ensemble des autres r\u00e9f\u00e9rences. A Alarme ; Alger R\u00e9publicain ; Alternative libertaire ; Arguments ; B Le Bolch\u00e9vik\u2026","rel":"","context":"Article similaire","block_context":{"text":"Article similaire","link":""},"img":{"alt_text":"","src":"","width":0,"height":0},"classes":[]},{"id":13912,"url":"https:\/\/sinedjib.com\/index.php\/bulletin-dinformations-du-ppa\/","url_meta":{"origin":8513,"position":1},"title":"Bulletin d&rsquo;informations du PPA","author":"SiNedjib","date":"10\/09\/2021","format":false,"excerpt":"Cette page recense les 5 articles du Bulletin d'informations du PPA publi\u00e9s sur ce site depuis le 5 juillet 2015. Ce p\u00e9riodique a \u00e9t\u00e9 lanc\u00e9 en juillet 1962 par le Parti du peuple alg\u00e9rien dirig\u00e9 par Messali Hadj. \"Editorial\", paru dans le Bulletin d\u2019informations du PPA, n\u00b0 1, juillet 1962.\u2026","rel":"","context":"Article similaire","block_context":{"text":"Article similaire","link":""},"img":{"alt_text":"","src":"https:\/\/i0.wp.com\/sinedjib.com\/wp-content\/uploads\/2015\/07\/1962-07-PPA-BI-1_01.jpg?resize=350%2C200&ssl=1","width":350,"height":200,"srcset":"https:\/\/i0.wp.com\/sinedjib.com\/wp-content\/uploads\/2015\/07\/1962-07-PPA-BI-1_01.jpg?resize=350%2C200&ssl=1 1x, https:\/\/i0.wp.com\/sinedjib.com\/wp-content\/uploads\/2015\/07\/1962-07-PPA-BI-1_01.jpg?resize=525%2C300&ssl=1 1.5x, https:\/\/i0.wp.com\/sinedjib.com\/wp-content\/uploads\/2015\/07\/1962-07-PPA-BI-1_01.jpg?resize=700%2C400&ssl=1 2x, https:\/\/i0.wp.com\/sinedjib.com\/wp-content\/uploads\/2015\/07\/1962-07-PPA-BI-1_01.jpg?resize=1050%2C600&ssl=1 3x"},"classes":[]},{"id":6837,"url":"https:\/\/sinedjib.com\/index.php\/ressources\/tribune-algerienne\/","url_meta":{"origin":8513,"position":2},"title":"Tribune alg\u00e9rienne","author":"SiNedjib","date":"25\/01\/2020","format":false,"excerpt":"Cette page recense les 25 articles de Tribune alg\u00e9rienne publi\u00e9s sur ce site depuis le 20 janvier 2019. Le bulletin du Comit\u00e9 de liaison des trotskystes alg\u00e9riens a paru de 1974 \u00e0 1980. Des num\u00e9ros sont consultables sur le portail Odyss\u00e9o. \"Le voyage de Marchais en Alg\u00e9rie\", paru dans Tribune\u2026","rel":"","context":"Article similaire","block_context":{"text":"Article similaire","link":""},"img":{"alt_text":"","src":"https:\/\/i0.wp.com\/sinedjib.com\/wp-content\/uploads\/2020\/02\/Tribune-alg%C3%A9rienne-janvier-1977.png?resize=350%2C200&ssl=1","width":350,"height":200},"classes":[]},{"id":16665,"url":"https:\/\/sinedjib.com\/index.php\/realites-algeriennes\/","url_meta":{"origin":8513,"position":3},"title":"R\u00e9alit\u00e9s alg\u00e9riennes","author":"SiNedjib","date":"18\/07\/2022","format":false,"excerpt":"Cette page recense les 5 articles de R\u00e9alit\u00e9s alg\u00e9riennes publi\u00e9s sur ce site depuis le 18 juin 2022. Ce bulletin, \u00e9dit\u00e9 par le Mouvement national alg\u00e9rien, a paru de 1959 \u00e0 1962. \"L\u2019accord F.L.N.-O.A.S. : Il y a d\u2019autres r\u00e9conciliations \u00e0 faire !\", paru dans R\u00e9alit\u00e9s Alg\u00e9riennes, n\u00b0 23, juin\u2026","rel":"","context":"Article similaire","block_context":{"text":"Article similaire","link":""},"img":{"alt_text":"","src":"https:\/\/i0.wp.com\/sinedjib.com\/wp-content\/uploads\/2022\/06\/1962-06-Realites-23_00.jpg?resize=350%2C200&ssl=1","width":350,"height":200,"srcset":"https:\/\/i0.wp.com\/sinedjib.com\/wp-content\/uploads\/2022\/06\/1962-06-Realites-23_00.jpg?resize=350%2C200&ssl=1 1x, https:\/\/i0.wp.com\/sinedjib.com\/wp-content\/uploads\/2022\/06\/1962-06-Realites-23_00.jpg?resize=525%2C300&ssl=1 1.5x, https:\/\/i0.wp.com\/sinedjib.com\/wp-content\/uploads\/2022\/06\/1962-06-Realites-23_00.jpg?resize=700%2C400&ssl=1 2x, https:\/\/i0.wp.com\/sinedjib.com\/wp-content\/uploads\/2022\/06\/1962-06-Realites-23_00.jpg?resize=1050%2C600&ssl=1 3x"},"classes":[]},{"id":9586,"url":"https:\/\/sinedjib.com\/index.php\/mes-textes\/","url_meta":{"origin":8513,"position":4},"title":"Mes textes","author":"SiNedjib","date":"17\/08\/2020","format":false,"excerpt":"Voici un aper\u00e7u de mes textes les plus r\u00e9cents : \u00ab\u00a0Quelques r\u00e9flexions sur la S\u00e9paration des \u00c9glises et de l\u2019\u00c9tat\u00a0\u00bb et \u00ab\u00a0Hommage \u00e0 Mohammed Harbi\u00a0\u00bb, n\u00b0 832, La R\u00e9volution prol\u00e9tarienne, mars 2026 \"Socialisme, immigration et racisme\", Courant alternatif, n\u00b0 358, mars 2026. En ligne \u00ab Hypocrisie fran\u00e7aise \u00bb, Cercle des\u2026","rel":"","context":"Article similaire","block_context":{"text":"Article similaire","link":""},"img":{"alt_text":"","src":"https:\/\/i0.wp.com\/sinedjib.com\/wp-content\/uploads\/2026\/03\/Une-de-RP-832-1024x1448-1.jpg?resize=350%2C200&ssl=1","width":350,"height":200,"srcset":"https:\/\/i0.wp.com\/sinedjib.com\/wp-content\/uploads\/2026\/03\/Une-de-RP-832-1024x1448-1.jpg?resize=350%2C200&ssl=1 1x, https:\/\/i0.wp.com\/sinedjib.com\/wp-content\/uploads\/2026\/03\/Une-de-RP-832-1024x1448-1.jpg?resize=525%2C300&ssl=1 1.5x, https:\/\/i0.wp.com\/sinedjib.com\/wp-content\/uploads\/2026\/03\/Une-de-RP-832-1024x1448-1.jpg?resize=700%2C400&ssl=1 2x"},"classes":[]},{"id":13893,"url":"https:\/\/sinedjib.com\/index.php\/autres-references\/","url_meta":{"origin":8513,"position":5},"title":"Autres r\u00e9f\u00e9rences","author":"SiNedjib","date":"10\/09\/2021","format":false,"excerpt":"Cette page recense des textes publi\u00e9s sur ce site depuis le 3 mai 2015 et provenant de 176 bulletins, journaux, magazines, revues... qui ne font pas encore l'objet d'une rubrique sp\u00e9cifique. Action \"Les nouveaux mandarins : lib\u00e9raux et progressistes au service de la carotte\", paru dans Action, n\u00b0 35, 12\u2026","rel":"","context":"Article similaire","block_context":{"text":"Article similaire","link":""},"img":{"alt_text":"","src":"https:\/\/i0.wp.com\/sinedjib.com\/wp-content\/uploads\/2019\/12\/LAnarchie-30-d%C3%A9cembre-1909.png?resize=350%2C200&ssl=1","width":350,"height":200},"classes":[]}],"_links":{"self":[{"href":"https:\/\/sinedjib.com\/index.php\/wp-json\/wp\/v2\/pages\/8513","targetHints":{"allow":["GET"]}}],"collection":[{"href":"https:\/\/sinedjib.com\/index.php\/wp-json\/wp\/v2\/pages"}],"about":[{"href":"https:\/\/sinedjib.com\/index.php\/wp-json\/wp\/v2\/types\/page"}],"author":[{"embeddable":true,"href":"https:\/\/sinedjib.com\/index.php\/wp-json\/wp\/v2\/users\/1"}],"replies":[{"embeddable":true,"href":"https:\/\/sinedjib.com\/index.php\/wp-json\/wp\/v2\/comments?post=8513"}],"version-history":[{"count":3,"href":"https:\/\/sinedjib.com\/index.php\/wp-json\/wp\/v2\/pages\/8513\/revisions"}],"predecessor-version":[{"id":16736,"href":"https:\/\/sinedjib.com\/index.php\/wp-json\/wp\/v2\/pages\/8513\/revisions\/16736"}],"wp:attachment":[{"href":"https:\/\/sinedjib.com\/index.php\/wp-json\/wp\/v2\/media?parent=8513"}],"curies":[{"name":"wp","href":"https:\/\/api.w.org\/{rel}","templated":true}]}}