{"id":9142,"date":"2020-07-10T20:43:48","date_gmt":"2020-07-10T18:43:48","guid":{"rendered":"https:\/\/sinedjib.com\/?page_id=9142"},"modified":"2021-07-21T11:40:08","modified_gmt":"2021-07-21T09:40:08","slug":"tout","status":"publish","type":"page","link":"https:\/\/sinedjib.com\/index.php\/tout\/","title":{"rendered":"Tout !"},"content":{"rendered":"\n<div class=\"wp-block-media-text alignwide is-stacked-on-mobile is-image-fill\"><figure class=\"wp-block-media-text__media\" style=\"background-image:url(https:\/\/sinedjib.com\/wp-content\/uploads\/2020\/07\/Tout-8-septembre-1970.png);background-position:56.00000000000001% 0%\"><img data-recalc-dims=\"1\" loading=\"lazy\" decoding=\"async\" width=\"423\" height=\"594\" data-attachment-id=\"9099\" data-permalink=\"https:\/\/sinedjib.com\/index.php\/2020\/07\/08\/meulan\/tout-8-septembre-1970\/\" data-orig-file=\"https:\/\/i0.wp.com\/sinedjib.com\/wp-content\/uploads\/2020\/07\/Tout-8-septembre-1970.png?fit=423%2C594&amp;ssl=1\" data-orig-size=\"423,594\" data-comments-opened=\"1\" data-image-meta=\"{&quot;aperture&quot;:&quot;0&quot;,&quot;credit&quot;:&quot;&quot;,&quot;camera&quot;:&quot;&quot;,&quot;caption&quot;:&quot;&quot;,&quot;created_timestamp&quot;:&quot;0&quot;,&quot;copyright&quot;:&quot;&quot;,&quot;focal_length&quot;:&quot;0&quot;,&quot;iso&quot;:&quot;0&quot;,&quot;shutter_speed&quot;:&quot;0&quot;,&quot;title&quot;:&quot;&quot;,&quot;orientation&quot;:&quot;0&quot;}\" data-image-title=\"Tout-8-septembre-1970\" data-image-description=\"\" data-image-caption=\"\" data-large-file=\"https:\/\/i0.wp.com\/sinedjib.com\/wp-content\/uploads\/2020\/07\/Tout-8-septembre-1970.png?fit=423%2C594&amp;ssl=1\" src=\"https:\/\/i0.wp.com\/sinedjib.com\/wp-content\/uploads\/2020\/07\/Tout-8-septembre-1970.png?resize=423%2C594&#038;ssl=1\" alt=\"\" class=\"wp-image-9099 size-full\" srcset=\"https:\/\/i0.wp.com\/sinedjib.com\/wp-content\/uploads\/2020\/07\/Tout-8-septembre-1970.png?w=423&amp;ssl=1 423w, https:\/\/i0.wp.com\/sinedjib.com\/wp-content\/uploads\/2020\/07\/Tout-8-septembre-1970.png?resize=214%2C300&amp;ssl=1 214w\" sizes=\"auto, (max-width: 423px) 100vw, 423px\" \/><\/figure><div class=\"wp-block-media-text__content\">\n<p class=\"has-large-font-size\"><strong>Cette page recense les 11 articles de <em>Tout !<\/em> publi\u00e9s sur ce site depuis le 1er juillet 2020. Ce journal a paru de 1970 \u00e0 1971.<\/strong> <strong>Les sommaires sont consultables sur le site<\/strong> <strong><a rel=\"noreferrer noopener\" href=\"https:\/\/www.archivesautonomies.org\/spip.php?article1800\" target=\"_blank\">Archives Autonomies<\/a><\/strong>.<\/p>\n<\/div><\/div>\n\n\n\n<p>\u00ab\u00a0Meulan : de l\u2019embauche \u00e0 la Cour de S\u00fbret\u00e9 le trafic continue\u00a0\u00bb, paru dans&nbsp;<em>Tout !<\/em>, n\u00b0 2, 8 septembre 1970. <a href=\"https:\/\/sinedjib.com\/index.php\/2020\/07\/08\/meulan\/\">Lien<\/a><\/p>\n\n\n\n<p>\u00ab\u00a0Proc\u00e8s de Meulan : Contre les marchands d\u2019hommes\u00a0\u00bb, paru dans&nbsp;<em>Tout !<\/em>, n\u00b0 3,&nbsp;29 octobre 1970. <a href=\"https:\/\/sinedjib.com\/index.php\/2020\/07\/10\/meulan-2\/\">Lien<\/a><\/p>\n\n\n\n<p>\u00ab\u00a0Spartacus ou la r\u00e9volte des esclaves\u00a0\u00bb, paru dans&nbsp;<em>Tout !<\/em>, n\u00b0 4,&nbsp;16 novembre 1970. <a href=\"https:\/\/sinedjib.com\/index.php\/2020\/07\/12\/spartacus\/\">Lien<\/a><\/p>\n\n\n\n<p>\u00ab\u00a0Meulan : trafic d\u2019esclaves\u00a0\u00bb, paru dans&nbsp;<em>Tout !<\/em>, n\u00b0 5,&nbsp;10 d\u00e9cembre 1970. <a href=\"https:\/\/sinedjib.com\/index.php\/2020\/07\/14\/meulan-3\/\">Lien<\/a><\/p>\n\n\n\n<p>\u00ab\u00a0Un ouvrier tunisien de 24 ans t\u00e9moigne : &lsquo;Je croyais que la France \u00e9tait un pays d\u00e9mocratique'\u00a0\u00bb, paru dans&nbsp;<em>Tout !<\/em>, n\u00b0 8, 1er f\u00e9vrier 1971. <a href=\"https:\/\/sinedjib.com\/index.php\/2020\/07\/17\/ouvrier-tunisien\/\">Lien<\/a><\/p>\n\n\n\n<p>\u00ab\u00a0Appel d&rsquo;un immigr\u00e9\u00a0\u00bb, paru dans\u00a0<em>Tout !<\/em>, n\u00b0 10, 12 mars 1971. <a href=\"https:\/\/sinedjib.com\/index.php\/2020\/07\/19\/appel-immigre\/\">Lien<\/a><\/p>\n\n\n\n<p>\u00ab\u00a0The Black Panther Party\u00a0\u00bb, paru dans\u00a0<em>Tout !<\/em>, n\u00b0 11, 29 mars 1971. <a href=\"https:\/\/sinedjib.com\/index.php\/2021\/07\/21\/the-black-panther-party\/\">Lien<\/a><\/p>\n\n\n\n<p>\u00ab\u00a0Le racisme et les \u00e9migr\u00e9s\u00a0\u00bb, paru dans <em>Tout !<\/em>, n\u00b0 12, 23 avril 1971. <a href=\"https:\/\/sinedjib.com\/index.php\/2020\/07\/22\/racisme-emigres\/\">Lien<\/a><\/p>\n\n\n\n<p>\u00ab\u00a0Lettre de Mohamed\u00a0\u00bb, parue dans&nbsp;<em>Tout<\/em>&nbsp;<em>!<\/em>, n\u00b0 14, 7 juin 1971. <a href=\"https:\/\/sinedjib.com\/index.php\/2020\/07\/01\/mohamed\/\">Lien<\/a><\/p>\n\n\n\n<p>\u00ab\u00a0R\u00e9ponses \u00e0 la lettre de Mohammed\u00a0\u00bb, parues dans&nbsp;<em>Tout !<\/em>, n\u00b0 15, 30 juin 1971. <a href=\"https:\/\/sinedjib.com\/index.php\/2020\/07\/03\/reponses-mohammed\/\">Lien<\/a><\/p>\n\n\n\n<p>\u00ab\u00a0Encore une fois sur Mohamed\u00a0\u00bb, paru dans&nbsp;<em>Tout !<\/em>, 29 juillet 1971. <a href=\"https:\/\/sinedjib.com\/index.php\/2020\/07\/05\/encore-mohamed\/\">Lien<\/a><\/p>\n","protected":false},"excerpt":{"rendered":"<p>Cette page recense les 11 articles de Tout ! publi\u00e9s sur ce site depuis le 1er juillet 2020. Ce journal a paru de 1970 \u00e0 1971. Les sommaires sont consultables sur le site Archives Autonomies. \u00ab\u00a0Meulan : de l\u2019embauche \u00e0 la Cour de S\u00fbret\u00e9 le trafic continue\u00a0\u00bb, paru dans&nbsp;Tout !, n\u00b0 2, 8 septembre 1970. [&hellip;]<\/p>\n","protected":false},"author":1,"featured_media":0,"parent":0,"menu_order":0,"comment_status":"closed","ping_status":"closed","template":"","meta":{"jetpack_post_was_ever_published":false,"footnotes":""},"class_list":["post-9142","page","type-page","status-publish","hentry"],"jetpack_sharing_enabled":true,"jetpack_shortlink":"https:\/\/wp.me\/P9lTYU-2ns","jetpack_likes_enabled":true,"jetpack-related-posts":[{"id":22312,"url":"https:\/\/sinedjib.com\/index.php\/nous-voulons-tout\/","url_meta":{"origin":9142,"position":0},"title":"Nous voulons tout !","author":"SiNedjib","date":"17\/03\/2024","format":false,"excerpt":"Cette page recense les 5 articles de Nous voulons tout !, publi\u00e9s sur ce site depuis le 23 d\u00e9cembre 2022. Le journal a paru de 1982 \u00e0 1984. Ses exemplaires sont consultables sur Archives Autonomies. \"Ch\u00e2tenay-Malabry : \u00ab\u00a0contre la police\u00a0\u00bb\", paru dans Nous voulons tout !, n\u00b0 4, avril-mai 1983.\u2026","rel":"","context":"Article similaire","block_context":{"text":"Article similaire","link":""},"img":{"alt_text":"","src":"https:\/\/i0.wp.com\/sinedjib.com\/wp-content\/uploads\/2024\/03\/Nous-voulons-tout-avril-mai-1983.png?resize=350%2C200&ssl=1","width":350,"height":200,"srcset":"https:\/\/i0.wp.com\/sinedjib.com\/wp-content\/uploads\/2024\/03\/Nous-voulons-tout-avril-mai-1983.png?resize=350%2C200&ssl=1 1x, https:\/\/i0.wp.com\/sinedjib.com\/wp-content\/uploads\/2024\/03\/Nous-voulons-tout-avril-mai-1983.png?resize=525%2C300&ssl=1 1.5x"},"classes":[]},{"id":6826,"url":"https:\/\/sinedjib.com\/index.php\/ressources\/la-gueule-ouverte\/","url_meta":{"origin":9142,"position":1},"title":"La Gueule ouverte","author":"SiNedjib","date":"25\/01\/2020","format":false,"excerpt":"Cette page recense les 5 articles de La Gueule ouverte publi\u00e9s sur ce site depuis le 26 octobre 2018. Le journal, fond\u00e9 par Pierre Fournier, a paru de 1972 \u00e0 1980. Les sommaires sont consultables sur le site Archives Autonomies. Bessas, \"La d\u00e9sob\u00e9issance civile\", paru dans La Gueule ouverte, n\u00b0\u2026","rel":"","context":"Article similaire","block_context":{"text":"Article similaire","link":""},"img":{"alt_text":"","src":"https:\/\/i0.wp.com\/sinedjib.com\/wp-content\/uploads\/2019\/08\/gueule-ouverte-f%C3%A9vrier-1975.png?resize=350%2C200&ssl=1","width":350,"height":200},"classes":[]},{"id":22345,"url":"https:\/\/sinedjib.com\/index.php\/index-des-publications\/","url_meta":{"origin":9142,"position":2},"title":"Index des publications","author":"SiNedjib","date":"17\/03\/2024","format":false,"excerpt":"Cette page pr\u00e9sente un index des publications (bulletins, journaux, revues, etc.) dont cinq textes \u2013 ou plus \u2013 ont \u00e9t\u00e9 retranscrits sur ce site depuis 2012. La liste sera progressivement compl\u00e9t\u00e9e avec l\u2019ensemble des autres r\u00e9f\u00e9rences. A Alarme ; Alger R\u00e9publicain ; Alternative libertaire ; Arguments ; B Le Bolch\u00e9vik\u2026","rel":"","context":"Article similaire","block_context":{"text":"Article similaire","link":""},"img":{"alt_text":"","src":"","width":0,"height":0},"classes":[]},{"id":6820,"url":"https:\/\/sinedjib.com\/index.php\/ressources\/spartacus\/","url_meta":{"origin":9142,"position":3},"title":"Spartacus","author":"SiNedjib","date":"25\/01\/2020","format":false,"excerpt":"Cette page recense les 7 articles de Spartacus publi\u00e9s sur ce site depuis le 19 ao\u00fbt 2018. La revue, lanc\u00e9e par Ren\u00e9 Lefeuvre, a paru de 1975 \u00e0 1979. Les sommaires sont consultables sur le site Archives Autonomies. Michel Jacob, \"Comment lire et ne pas lire Reich\", paru dans Spartacus,\u2026","rel":"","context":"Article similaire","block_context":{"text":"Article similaire","link":""},"img":{"alt_text":"","src":"https:\/\/i0.wp.com\/sinedjib.com\/wp-content\/uploads\/2018\/10\/Spartacus-mars-avril-1979.png?resize=350%2C200&ssl=1","width":350,"height":200},"classes":[]},{"id":12078,"url":"https:\/\/sinedjib.com\/index.php\/jeune-taupe\/","url_meta":{"origin":9142,"position":4},"title":"Jeune Taupe","author":"SiNedjib","date":"07\/04\/2021","format":false,"excerpt":"Cette page recense les 6 articles de Jeune Taupe publi\u00e9s sur ce site depuis le 24 juillet 2018. L\u2019organe, \u00e9dit\u00e9 par le groupe Pour une intervention communiste,\u00a0a paru de 1974 \u00e0 1981.\u00a0Les sommaires du journal sont consultables sur le site\u00a0Archives Autonomies. \"A propos d\u2019une adresse aux prol\u00e9taires et aux jeunes\u2026","rel":"","context":"Article similaire","block_context":{"text":"Article similaire","link":""},"img":{"alt_text":"","src":"https:\/\/i0.wp.com\/sinedjib.com\/wp-content\/uploads\/2018\/08\/Jeune-Taupe-juin-1976.png?resize=350%2C200&ssl=1","width":350,"height":200},"classes":[]},{"id":6832,"url":"https:\/\/sinedjib.com\/index.php\/ressources\/le-reveil\/","url_meta":{"origin":9142,"position":5},"title":"Le R\u00e9veil","author":"SiNedjib","date":"25\/01\/2020","format":false,"excerpt":"Cette page recense les 10 articles du R\u00e9veil publi\u00e9s sur ce site depuis le 8 juin 2019. Le journal, d'abord intitul\u00e9 Le R\u00e9veil socialiste-anarchiste, a paru de 1900 \u00e0 1946. Les sommaires sont consultables sur le site Archives Autonomies. Les textes d'Errico Malatesta sont disponibles via ce lien. Georges Herzig,\u2026","rel":"","context":"Article similaire","block_context":{"text":"Article similaire","link":""},"img":{"alt_text":"","src":"","width":0,"height":0},"classes":[]}],"_links":{"self":[{"href":"https:\/\/sinedjib.com\/index.php\/wp-json\/wp\/v2\/pages\/9142","targetHints":{"allow":["GET"]}}],"collection":[{"href":"https:\/\/sinedjib.com\/index.php\/wp-json\/wp\/v2\/pages"}],"about":[{"href":"https:\/\/sinedjib.com\/index.php\/wp-json\/wp\/v2\/types\/page"}],"author":[{"embeddable":true,"href":"https:\/\/sinedjib.com\/index.php\/wp-json\/wp\/v2\/users\/1"}],"replies":[{"embeddable":true,"href":"https:\/\/sinedjib.com\/index.php\/wp-json\/wp\/v2\/comments?post=9142"}],"version-history":[{"count":2,"href":"https:\/\/sinedjib.com\/index.php\/wp-json\/wp\/v2\/pages\/9142\/revisions"}],"predecessor-version":[{"id":13373,"href":"https:\/\/sinedjib.com\/index.php\/wp-json\/wp\/v2\/pages\/9142\/revisions\/13373"}],"wp:attachment":[{"href":"https:\/\/sinedjib.com\/index.php\/wp-json\/wp\/v2\/media?parent=9142"}],"curies":[{"name":"wp","href":"https:\/\/api.w.org\/{rel}","templated":true}]}}