{"id":9565,"date":"2020-08-17T13:27:01","date_gmt":"2020-08-17T11:27:01","guid":{"rendered":"https:\/\/sinedjib.com\/?page_id=9565"},"modified":"2021-07-02T13:26:58","modified_gmt":"2021-07-02T11:26:58","slug":"adresse-echos2","status":"publish","type":"page","link":"https:\/\/sinedjib.com\/index.php\/adresse-echos2\/","title":{"rendered":"Adresse aux r\u00e9volutionnaires d&rsquo;Alg\u00e9rie et de tous les pays (et autres textes) : \u00e9chos"},"content":{"rendered":"\n<div class=\"wp-block-media-text alignwide is-stacked-on-mobile is-image-fill\"><figure class=\"wp-block-media-text__media\" style=\"background-image:url(https:\/\/sinedjib.com\/wp-content\/uploads\/2019\/08\/arton1789-621x1024.jpg);background-position:50% 0%\"><img data-recalc-dims=\"1\" loading=\"lazy\" decoding=\"async\" width=\"580\" height=\"956\" data-attachment-id=\"6185\" data-permalink=\"https:\/\/sinedjib.com\/arton1789\/\" data-orig-file=\"https:\/\/i0.wp.com\/sinedjib.com\/wp-content\/uploads\/2019\/08\/arton1789.jpg?fit=728%2C1200&amp;ssl=1\" data-orig-size=\"728,1200\" data-comments-opened=\"1\" data-image-meta=\"{&quot;aperture&quot;:&quot;0&quot;,&quot;credit&quot;:&quot;&quot;,&quot;camera&quot;:&quot;&quot;,&quot;caption&quot;:&quot;&quot;,&quot;created_timestamp&quot;:&quot;0&quot;,&quot;copyright&quot;:&quot;&quot;,&quot;focal_length&quot;:&quot;0&quot;,&quot;iso&quot;:&quot;0&quot;,&quot;shutter_speed&quot;:&quot;0&quot;,&quot;title&quot;:&quot;&quot;,&quot;orientation&quot;:&quot;0&quot;}\" data-image-title=\"Adresse aux r\u00e9volutionnaires d&amp;rsquo;Alg\u00e9rie\" data-image-description=\"\" data-image-caption=\"\" data-large-file=\"https:\/\/i0.wp.com\/sinedjib.com\/wp-content\/uploads\/2019\/08\/arton1789.jpg?fit=580%2C956&amp;ssl=1\" src=\"https:\/\/i0.wp.com\/sinedjib.com\/wp-content\/uploads\/2019\/08\/arton1789.jpg?resize=580%2C956&#038;ssl=1\" alt=\"\" class=\"wp-image-6185 size-full\" srcset=\"https:\/\/i0.wp.com\/sinedjib.com\/wp-content\/uploads\/2019\/08\/arton1789.jpg?resize=621%2C1024&amp;ssl=1 621w, https:\/\/i0.wp.com\/sinedjib.com\/wp-content\/uploads\/2019\/08\/arton1789.jpg?resize=182%2C300&amp;ssl=1 182w, https:\/\/i0.wp.com\/sinedjib.com\/wp-content\/uploads\/2019\/08\/arton1789.jpg?w=728&amp;ssl=1 728w\" sizes=\"auto, (max-width: 580px) 100vw, 580px\" \/><\/figure><div class=\"wp-block-media-text__content\">\n<p class=\"has-drop-cap has-large-font-size\"><strong>Suite \u00e0 la parution de mon recueil <em><a rel=\"noreferrer noopener\" href=\"http:\/\/www.editionslibertalia.com\/catalogue\/poche\/adresse-aux-revolutionnaires-d-algerie\" target=\"_blank\">Adresse aux r\u00e9volutionnaires d&rsquo;Alg\u00e9rie et de tous les pays (et autres textes)<\/a><\/em>, cette page en recense les pr\u00e9sentations,&nbsp;recensions ou&nbsp;\u00e9vocations.<\/strong><br>Pour commander cet ouvrage, cliquez sur ce&nbsp;<a rel=\"noreferrer noopener\" href=\"https:\/\/librairielibertalia.com\/web\/adresse-aux-r%C3%A9volutionnaires-d-alg%C3%A9rie.html\" target=\"_blank\">lien<\/a><\/p>\n<\/div><\/div>\n\n\n\n<p class=\"has-text-align-center has-larger-font-size\"><strong>Pr\u00e9sentation<\/strong><\/p>\n\n\n\n<p><a href=\"http:\/\/sinedjib.com\/index.php\/2019\/09\/02\/adresse-4\/\">Pr\u00e9sentation<\/a>, le 3 septembre 2019 \u00e0 19h30, \u00e0 la librairie Libertalia : 12, rue Marcelin-Berthelot, 93100 Montreuil (m\u00e9tro Croix-de-Chavaux)<\/p>\n\n\n\n<p class=\"has-text-align-center has-larger-font-size\"><strong>Recensions<\/strong><\/p>\n\n\n\n<p>Recension de Jean-Jacques Gandini pour <em>Le Monde diplomatique<\/em>, f\u00e9vrier 2020, p. 26. <a rel=\"noreferrer noopener\" href=\"https:\/\/www.monde-diplomatique.fr\/2020\/02\/GANDINI\/61334\" target=\"_blank\">En ligne<\/a><\/p>\n\n\n\n<p>Ahmed Slama, \u00ab\u00a0L&rsquo;autogestion alg\u00e9rienne\u00a0\u00bb, <em>Litt\u00e9ralutte<\/em>, 1er f\u00e9vrier 2020. <a rel=\"noreferrer noopener\" href=\"http:\/\/litteralutte.com\/spip.php?page=article&amp;id_article=6\" target=\"_blank\">En ligne<\/a><\/p>\n\n\n\n<p>Recension de St\u00e9phane Julien pour <em>La R\u00e9volution prol\u00e9tarienne<\/em>, n\u00b0 807 (d\u00e9cembre 2019), p. 24-25. <a rel=\"noreferrer noopener\" href=\"https:\/\/revolutionproletarienne.wordpress.com\/2019\/12\/15\/adresse-aux-revolutionnaires-dalgerie-et-de-tous-les-pays\/\" target=\"_blank\">En ligne<\/a><\/p>\n\n\n\n<p>Recension de Denis Seel pour <em>Diacritik<\/em>, 18 octobre 2019. <a rel=\"noreferrer noopener\" href=\"https:\/\/diacritik.com\/2019\/10\/18\/adresse-aux-revolutionnaires-dalgerie-internationale-situationniste\/\" target=\"_blank\">En ligne<\/a><\/p>\n\n\n\n<p>Rosa Moussaoui, \u00ab\u00a0Pr\u00e9cipit\u00e9 d&rsquo;une exp\u00e9rience r\u00e9volutionnaire\u00a0\u00bb, <em>L&rsquo;Humanit\u00e9<\/em>, 3 octobre 2019. <a rel=\"noreferrer noopener\" href=\"https:\/\/www.humanite.fr\/precipite-dune-experience-revolutionnaire-678052\" target=\"_blank\">En ligne<\/a><\/p>\n\n\n\n<p class=\"has-text-align-center has-larger-font-size\"><strong>\u00c9vocations<\/strong><\/p>\n\n\n\n<p>Walid Bouchakour, \u00ab\u00a0Alg\u00e9rie. Le coup d\u2019\u00c9tat de juin 1965, la r\u00e9volution et l\u2019Internationale situationniste\u00a0\u00bb, Orient XXI, 2 juillet 2021. <a href=\"https:\/\/orientxxi.info\/lu-vu-entendu\/coup-de-semonce-situationniste-en-algerie,4891\" target=\"_blank\" rel=\"noreferrer noopener\">En ligne<\/a><\/p>\n\n\n\n<p>\u00ab\u00a0Lecture &#8211; Adresse aux r\u00e9volutionnaires d&rsquo;Alg\u00e9rie\u00a0\u00bb, Solidaires 13, 19 mars 2020. <a rel=\"noreferrer noopener\" href=\"https:\/\/www.solidaires13.org\/adresse-aux-revolutionnaires-d-algerie\/\" target=\"_blank\">Lien<\/a><\/p>\n\n\n\n<p>Samuel Terraz, \u00ab\u00a01er novembre 1954 : le FLN d\u00e9clare la guerre au colonialisme\u00a0\u00bb, <em>L&rsquo;Anticapitaliste<\/em>, n\u00b0 495, 31 octobre 2019. <a rel=\"noreferrer noopener\" href=\"https:\/\/npa2009.org\/arguments\/histoire\/1er-novembre-1954-le-fln-declare-la-guerre-au-colonialisme\" target=\"_blank\">En ligne<\/a><\/p>\n\n\n\n<p>\u201cR\u00e9volte populaire en Alg\u00e9rie : assumer pleinement une strat\u00e9gie de rupture r\u00e9volutionnaire\u201d, entretien avec J\u00e9r\u00f4me Debrune pour&nbsp;<em>Questions de classe(s)<\/em>, 18 ao\u00fbt 2019.&nbsp;<a rel=\"noreferrer noopener\" href=\"https:\/\/www.questionsdeclasses.org\/?Revolte-populaire-en-Algerie-entretien-avec-Nedjib-Sidi-Moussa-1&amp;var_mode=calcul\" target=\"_blank\">En ligne<\/a><\/p>\n","protected":false},"excerpt":{"rendered":"<p>Suite \u00e0 la parution de mon recueil Adresse aux r\u00e9volutionnaires d&rsquo;Alg\u00e9rie et de tous les pays (et autres textes), cette page en recense les pr\u00e9sentations,&nbsp;recensions ou&nbsp;\u00e9vocations.Pour commander cet ouvrage, cliquez sur ce&nbsp;lien Pr\u00e9sentation Pr\u00e9sentation, le 3 septembre 2019 \u00e0 19h30, \u00e0 la librairie Libertalia : 12, rue Marcelin-Berthelot, 93100 Montreuil (m\u00e9tro Croix-de-Chavaux) Recensions Recension de [&hellip;]<\/p>\n","protected":false},"author":1,"featured_media":0,"parent":0,"menu_order":0,"comment_status":"closed","ping_status":"closed","template":"","meta":{"jetpack_post_was_ever_published":false,"footnotes":""},"class_list":["post-9565","page","type-page","status-publish","hentry"],"jetpack_sharing_enabled":true,"jetpack_shortlink":"https:\/\/wp.me\/P9lTYU-2uh","jetpack_likes_enabled":true,"jetpack-related-posts":[{"id":9561,"url":"https:\/\/sinedjib.com\/index.php\/mes-livres\/","url_meta":{"origin":9565,"position":0},"title":"Mes livres","author":"SiNedjib","date":"17\/08\/2020","format":false,"excerpt":"Le Spectre du colonialisme, Paris, L'\u00e9chapp\u00e9e, 2026Commander Le Rempla\u00e7ant. Journal d'un prof (pr\u00e9caire) de banlieue, Paris, L'\u00e9chapp\u00e9e, 2023CommanderEchos Histoire alg\u00e9rienne de la France. Une centralit\u00e9 refoul\u00e9e, de 1962 \u00e0 nos jours, Paris, PUF, 2022CommanderEchos Coordination du dossier \"1962-2022\/Alg\u00e9rie. Plus que jamais, rouvrir un avenir \u00e0 la r\u00e9volution\", ContreTemps, n\u00b0 54,\u2026","rel":"","context":"Article similaire","block_context":{"text":"Article similaire","link":""},"img":{"alt_text":"","src":"https:\/\/i0.wp.com\/sinedjib.com\/wp-content\/uploads\/2025\/12\/LE-SPECTRE-DU-COLONIALISME-Couv.jpg?resize=350%2C200&ssl=1","width":350,"height":200,"srcset":"https:\/\/i0.wp.com\/sinedjib.com\/wp-content\/uploads\/2025\/12\/LE-SPECTRE-DU-COLONIALISME-Couv.jpg?resize=350%2C200&ssl=1 1x, https:\/\/i0.wp.com\/sinedjib.com\/wp-content\/uploads\/2025\/12\/LE-SPECTRE-DU-COLONIALISME-Couv.jpg?resize=525%2C300&ssl=1 1.5x"},"classes":[]},{"id":9586,"url":"https:\/\/sinedjib.com\/index.php\/mes-textes\/","url_meta":{"origin":9565,"position":1},"title":"Mes textes","author":"SiNedjib","date":"17\/08\/2020","format":false,"excerpt":"Voici un aper\u00e7u de mes textes les plus r\u00e9cents : \u00ab\u00a0Quelques r\u00e9flexions sur la S\u00e9paration des \u00c9glises et de l\u2019\u00c9tat\u00a0\u00bb et \u00ab\u00a0Hommage \u00e0 Mohammed Harbi\u00a0\u00bb, n\u00b0 832, La R\u00e9volution prol\u00e9tarienne, mars 2026 \"Socialisme, immigration et racisme\", Courant alternatif, n\u00b0 358, mars 2026. En ligne \u00ab Hypocrisie fran\u00e7aise \u00bb, Cercle des\u2026","rel":"","context":"Article similaire","block_context":{"text":"Article similaire","link":""},"img":{"alt_text":"","src":"https:\/\/i0.wp.com\/sinedjib.com\/wp-content\/uploads\/2026\/03\/Une-de-RP-832-1024x1448-1.jpg?resize=350%2C200&ssl=1","width":350,"height":200,"srcset":"https:\/\/i0.wp.com\/sinedjib.com\/wp-content\/uploads\/2026\/03\/Une-de-RP-832-1024x1448-1.jpg?resize=350%2C200&ssl=1 1x, https:\/\/i0.wp.com\/sinedjib.com\/wp-content\/uploads\/2026\/03\/Une-de-RP-832-1024x1448-1.jpg?resize=525%2C300&ssl=1 1.5x, https:\/\/i0.wp.com\/sinedjib.com\/wp-content\/uploads\/2026\/03\/Une-de-RP-832-1024x1448-1.jpg?resize=700%2C400&ssl=1 2x"},"classes":[]},{"id":12078,"url":"https:\/\/sinedjib.com\/index.php\/jeune-taupe\/","url_meta":{"origin":9565,"position":2},"title":"Jeune Taupe","author":"SiNedjib","date":"07\/04\/2021","format":false,"excerpt":"Cette page recense les 6 articles de Jeune Taupe publi\u00e9s sur ce site depuis le 24 juillet 2018. L\u2019organe, \u00e9dit\u00e9 par le groupe Pour une intervention communiste,\u00a0a paru de 1974 \u00e0 1981.\u00a0Les sommaires du journal sont consultables sur le site\u00a0Archives Autonomies. \"A propos d\u2019une adresse aux prol\u00e9taires et aux jeunes\u2026","rel":"","context":"Article similaire","block_context":{"text":"Article similaire","link":""},"img":{"alt_text":"","src":"https:\/\/i0.wp.com\/sinedjib.com\/wp-content\/uploads\/2018\/08\/Jeune-Taupe-juin-1976.png?resize=350%2C200&ssl=1","width":350,"height":200},"classes":[]},{"id":9591,"url":"https:\/\/sinedjib.com\/index.php\/publications-scientifiques\/","url_meta":{"origin":9565,"position":3},"title":"Publications scientifiques","author":"SiNedjib","date":"17\/08\/2020","format":false,"excerpt":"Articles dans des revues \u00e0 comit\u00e9 de lecture \"Avec et contre Gabel : antis\u00e9mitisme, racisme et tiers-mondisme au prisme de la fausse conscience\", Bulletin de psychologie, n\u00b0 598 (juillet-septembre 2025), p. 31-45. \"Une apostasie impensable ? Les ressorts d\u2019une marginalisation dans l\u2019espace franco-alg\u00e9rien\", Contemporary French Civilization, (2022), 47, (2), 143\u2013160.\u2026","rel":"","context":"Article similaire","block_context":{"text":"Article similaire","link":""},"img":{"alt_text":"","src":"https:\/\/i0.wp.com\/sinedjib.com\/wp-content\/uploads\/2025\/07\/Couv-588-pdf.jpg?resize=350%2C200&ssl=1","width":350,"height":200,"srcset":"https:\/\/i0.wp.com\/sinedjib.com\/wp-content\/uploads\/2025\/07\/Couv-588-pdf.jpg?resize=350%2C200&ssl=1 1x, https:\/\/i0.wp.com\/sinedjib.com\/wp-content\/uploads\/2025\/07\/Couv-588-pdf.jpg?resize=525%2C300&ssl=1 1.5x, https:\/\/i0.wp.com\/sinedjib.com\/wp-content\/uploads\/2025\/07\/Couv-588-pdf.jpg?resize=700%2C400&ssl=1 2x"},"classes":[]},{"id":13893,"url":"https:\/\/sinedjib.com\/index.php\/autres-references\/","url_meta":{"origin":9565,"position":4},"title":"Autres r\u00e9f\u00e9rences","author":"SiNedjib","date":"10\/09\/2021","format":false,"excerpt":"Cette page recense des textes publi\u00e9s sur ce site depuis le 3 mai 2015 et provenant de 176 bulletins, journaux, magazines, revues... qui ne font pas encore l'objet d'une rubrique sp\u00e9cifique. Action \"Les nouveaux mandarins : lib\u00e9raux et progressistes au service de la carotte\", paru dans Action, n\u00b0 35, 12\u2026","rel":"","context":"Article similaire","block_context":{"text":"Article similaire","link":""},"img":{"alt_text":"","src":"https:\/\/i0.wp.com\/sinedjib.com\/wp-content\/uploads\/2019\/12\/LAnarchie-30-d%C3%A9cembre-1909.png?resize=350%2C200&ssl=1","width":350,"height":200},"classes":[]},{"id":6832,"url":"https:\/\/sinedjib.com\/index.php\/ressources\/le-reveil\/","url_meta":{"origin":9565,"position":5},"title":"Le R\u00e9veil","author":"SiNedjib","date":"25\/01\/2020","format":false,"excerpt":"Cette page recense les 10 articles du R\u00e9veil publi\u00e9s sur ce site depuis le 8 juin 2019. Le journal, d'abord intitul\u00e9 Le R\u00e9veil socialiste-anarchiste, a paru de 1900 \u00e0 1946. Les sommaires sont consultables sur le site Archives Autonomies. Les textes d'Errico Malatesta sont disponibles via ce lien. Georges Herzig,\u2026","rel":"","context":"Article similaire","block_context":{"text":"Article similaire","link":""},"img":{"alt_text":"","src":"","width":0,"height":0},"classes":[]}],"_links":{"self":[{"href":"https:\/\/sinedjib.com\/index.php\/wp-json\/wp\/v2\/pages\/9565","targetHints":{"allow":["GET"]}}],"collection":[{"href":"https:\/\/sinedjib.com\/index.php\/wp-json\/wp\/v2\/pages"}],"about":[{"href":"https:\/\/sinedjib.com\/index.php\/wp-json\/wp\/v2\/types\/page"}],"author":[{"embeddable":true,"href":"https:\/\/sinedjib.com\/index.php\/wp-json\/wp\/v2\/users\/1"}],"replies":[{"embeddable":true,"href":"https:\/\/sinedjib.com\/index.php\/wp-json\/wp\/v2\/comments?post=9565"}],"version-history":[{"count":4,"href":"https:\/\/sinedjib.com\/index.php\/wp-json\/wp\/v2\/pages\/9565\/revisions"}],"predecessor-version":[{"id":13203,"href":"https:\/\/sinedjib.com\/index.php\/wp-json\/wp\/v2\/pages\/9565\/revisions\/13203"}],"wp:attachment":[{"href":"https:\/\/sinedjib.com\/index.php\/wp-json\/wp\/v2\/media?parent=9565"}],"curies":[{"name":"wp","href":"https:\/\/api.w.org\/{rel}","templated":true}]}}