{"id":9586,"date":"2020-08-17T14:25:02","date_gmt":"2020-08-17T12:25:02","guid":{"rendered":"https:\/\/sinedjib.com\/?page_id=9586"},"modified":"2026-03-23T21:28:42","modified_gmt":"2026-03-23T20:28:42","slug":"mes-textes","status":"publish","type":"page","link":"https:\/\/sinedjib.com\/index.php\/mes-textes\/","title":{"rendered":"Mes textes"},"content":{"rendered":"\n<p class=\"has-text-align-center has-large-font-size\"><strong>Voici un aper\u00e7u de mes textes les plus r\u00e9cents<\/strong> <strong>:<\/strong><\/p>\n\n\n\n<div class=\"wp-block-media-text alignwide has-media-on-the-right is-stacked-on-mobile is-image-fill-element\"><div class=\"wp-block-media-text__content\">\n<p class=\"has-large-font-size\">\u00ab\u00a0Quelques r\u00e9flexions sur la S\u00e9paration des \u00c9glises et de l\u2019\u00c9tat\u00a0\u00bb et \u00ab\u00a0Hommage \u00e0 Mohammed Harbi\u00a0\u00bb, n\u00b0 832, <em>La R\u00e9volution prol\u00e9tarienne<\/em>, mars 2026<\/p>\n<\/div><figure class=\"wp-block-media-text__media\"><img data-recalc-dims=\"1\" loading=\"lazy\" decoding=\"async\" width=\"580\" height=\"820\" data-attachment-id=\"28388\" data-permalink=\"https:\/\/sinedjib.com\/index.php\/2026\/03\/23\/quelques-reflexions-sur-la-separation-des-eglises-et-de-letat-et-hommage-a-mohammed-harbi\/une-de-rp-832-1024x1448\/\" data-orig-file=\"https:\/\/i0.wp.com\/sinedjib.com\/wp-content\/uploads\/2026\/03\/Une-de-RP-832-1024x1448-1.jpg?fit=1024%2C1448&amp;ssl=1\" data-orig-size=\"1024,1448\" data-comments-opened=\"0\" data-image-meta=\"{&quot;aperture&quot;:&quot;0&quot;,&quot;credit&quot;:&quot;&quot;,&quot;camera&quot;:&quot;&quot;,&quot;caption&quot;:&quot;&quot;,&quot;created_timestamp&quot;:&quot;0&quot;,&quot;copyright&quot;:&quot;&quot;,&quot;focal_length&quot;:&quot;0&quot;,&quot;iso&quot;:&quot;0&quot;,&quot;shutter_speed&quot;:&quot;0&quot;,&quot;title&quot;:&quot;&quot;,&quot;orientation&quot;:&quot;0&quot;}\" data-image-title=\"Une-de-RP-832-1024&amp;#215;1448\" data-image-description=\"\" data-image-caption=\"\" data-large-file=\"https:\/\/i0.wp.com\/sinedjib.com\/wp-content\/uploads\/2026\/03\/Une-de-RP-832-1024x1448-1.jpg?fit=580%2C820&amp;ssl=1\" src=\"https:\/\/i0.wp.com\/sinedjib.com\/wp-content\/uploads\/2026\/03\/Une-de-RP-832-1024x1448-1.jpg?resize=580%2C820&#038;ssl=1\" alt=\"\" class=\"wp-image-28388 size-full\" style=\"object-position:55% 5%\" srcset=\"https:\/\/i0.wp.com\/sinedjib.com\/wp-content\/uploads\/2026\/03\/Une-de-RP-832-1024x1448-1.jpg?resize=724%2C1024&amp;ssl=1 724w, https:\/\/i0.wp.com\/sinedjib.com\/wp-content\/uploads\/2026\/03\/Une-de-RP-832-1024x1448-1.jpg?resize=212%2C300&amp;ssl=1 212w, https:\/\/i0.wp.com\/sinedjib.com\/wp-content\/uploads\/2026\/03\/Une-de-RP-832-1024x1448-1.jpg?resize=768%2C1086&amp;ssl=1 768w, https:\/\/i0.wp.com\/sinedjib.com\/wp-content\/uploads\/2026\/03\/Une-de-RP-832-1024x1448-1.jpg?w=1024&amp;ssl=1 1024w\" sizes=\"auto, (max-width: 580px) 100vw, 580px\" \/><\/figure><\/div>\n\n\n\n<div class=\"wp-block-media-text alignwide is-stacked-on-mobile is-image-fill-element\" style=\"grid-template-columns:46% auto\"><figure class=\"wp-block-media-text__media\"><img data-recalc-dims=\"1\" loading=\"lazy\" decoding=\"async\" width=\"580\" height=\"807\" data-attachment-id=\"28285\" data-permalink=\"https:\/\/sinedjib.com\/index.php\/2026\/03\/10\/socialisme-immigration-et-racisme\/une_ca_358_medium_\/\" data-orig-file=\"https:\/\/i0.wp.com\/sinedjib.com\/wp-content\/uploads\/2026\/03\/une_ca_358_medium_.jpg?fit=1358%2C1889&amp;ssl=1\" data-orig-size=\"1358,1889\" data-comments-opened=\"0\" data-image-meta=\"{&quot;aperture&quot;:&quot;0&quot;,&quot;credit&quot;:&quot;&quot;,&quot;camera&quot;:&quot;&quot;,&quot;caption&quot;:&quot;&quot;,&quot;created_timestamp&quot;:&quot;0&quot;,&quot;copyright&quot;:&quot;&quot;,&quot;focal_length&quot;:&quot;0&quot;,&quot;iso&quot;:&quot;0&quot;,&quot;shutter_speed&quot;:&quot;0&quot;,&quot;title&quot;:&quot;&quot;,&quot;orientation&quot;:&quot;0&quot;}\" data-image-title=\"une_ca_358_medium_\" data-image-description=\"\" data-image-caption=\"\" data-large-file=\"https:\/\/i0.wp.com\/sinedjib.com\/wp-content\/uploads\/2026\/03\/une_ca_358_medium_.jpg?fit=580%2C807&amp;ssl=1\" src=\"https:\/\/i0.wp.com\/sinedjib.com\/wp-content\/uploads\/2026\/03\/une_ca_358_medium_.jpg?resize=580%2C807&#038;ssl=1\" alt=\"\" class=\"wp-image-28285 size-full\" style=\"object-position:45% 1%\" srcset=\"https:\/\/i0.wp.com\/sinedjib.com\/wp-content\/uploads\/2026\/03\/une_ca_358_medium_.jpg?resize=736%2C1024&amp;ssl=1 736w, https:\/\/i0.wp.com\/sinedjib.com\/wp-content\/uploads\/2026\/03\/une_ca_358_medium_.jpg?resize=216%2C300&amp;ssl=1 216w, https:\/\/i0.wp.com\/sinedjib.com\/wp-content\/uploads\/2026\/03\/une_ca_358_medium_.jpg?resize=768%2C1068&amp;ssl=1 768w, https:\/\/i0.wp.com\/sinedjib.com\/wp-content\/uploads\/2026\/03\/une_ca_358_medium_.jpg?resize=1104%2C1536&amp;ssl=1 1104w, https:\/\/i0.wp.com\/sinedjib.com\/wp-content\/uploads\/2026\/03\/une_ca_358_medium_.jpg?resize=1200%2C1669&amp;ssl=1 1200w, https:\/\/i0.wp.com\/sinedjib.com\/wp-content\/uploads\/2026\/03\/une_ca_358_medium_.jpg?w=1358&amp;ssl=1 1358w\" sizes=\"auto, (max-width: 580px) 100vw, 580px\" \/><\/figure><div class=\"wp-block-media-text__content\">\n<p class=\"has-large-font-size\">\u00ab\u00a0Socialisme, immigration et racisme\u00a0\u00bb, <em>Courant alternatif<\/em>, n\u00b0 358, mars 2026. <a href=\"https:\/\/oclibertaire.lautre.net\/spip.php?article4658\">En ligne<\/a><\/p>\n<\/div><\/div>\n\n\n\n<div class=\"wp-block-media-text alignwide has-media-on-the-right is-stacked-on-mobile is-image-fill-element\" style=\"grid-template-columns:auto 21%\"><div class=\"wp-block-media-text__content\">\n<p class=\"has-large-font-size\">\u00ab Hypocrisie fran\u00e7aise \u00bb, Cercle des ami.e.s de l&rsquo;A.I.T. de Montr\u00e9al, 26 f\u00e9vrier 2026. <a href=\"https:\/\/cercleaitmontreal.org\/2026\/02\/26\/hypocrisie-francaise\/\">En ligne<\/a><\/p>\n<\/div><figure class=\"wp-block-media-text__media\"><img data-recalc-dims=\"1\" loading=\"lazy\" decoding=\"async\" width=\"200\" height=\"200\" data-attachment-id=\"28196\" data-permalink=\"https:\/\/sinedjib.com\/index.php\/mes-textes\/cropped-logo-cercle-ait-de-montreal\/\" data-orig-file=\"https:\/\/i0.wp.com\/sinedjib.com\/wp-content\/uploads\/2026\/02\/cropped-logo-cercle-ait-de-montreal.webp?fit=200%2C200&amp;ssl=1\" data-orig-size=\"200,200\" data-comments-opened=\"0\" data-image-meta=\"{&quot;aperture&quot;:&quot;0&quot;,&quot;credit&quot;:&quot;&quot;,&quot;camera&quot;:&quot;&quot;,&quot;caption&quot;:&quot;&quot;,&quot;created_timestamp&quot;:&quot;0&quot;,&quot;copyright&quot;:&quot;&quot;,&quot;focal_length&quot;:&quot;0&quot;,&quot;iso&quot;:&quot;0&quot;,&quot;shutter_speed&quot;:&quot;0&quot;,&quot;title&quot;:&quot;&quot;,&quot;orientation&quot;:&quot;0&quot;}\" data-image-title=\"cropped-logo-cercle-ait-de-montreal\" data-image-description=\"\" data-image-caption=\"\" data-large-file=\"https:\/\/i0.wp.com\/sinedjib.com\/wp-content\/uploads\/2026\/02\/cropped-logo-cercle-ait-de-montreal.webp?fit=200%2C200&amp;ssl=1\" src=\"https:\/\/i0.wp.com\/sinedjib.com\/wp-content\/uploads\/2026\/02\/cropped-logo-cercle-ait-de-montreal.webp?resize=200%2C200&#038;ssl=1\" alt=\"\" class=\"wp-image-28196 size-full\" style=\"object-position:50% 50%\" srcset=\"https:\/\/i0.wp.com\/sinedjib.com\/wp-content\/uploads\/2026\/02\/cropped-logo-cercle-ait-de-montreal.webp?w=200&amp;ssl=1 200w, https:\/\/i0.wp.com\/sinedjib.com\/wp-content\/uploads\/2026\/02\/cropped-logo-cercle-ait-de-montreal.webp?resize=150%2C150&amp;ssl=1 150w\" sizes=\"auto, (max-width: 200px) 100vw, 200px\" \/><\/figure><\/div>\n\n\n\n<div class=\"wp-block-media-text alignwide is-stacked-on-mobile is-image-fill-element\"><figure class=\"wp-block-media-text__media\"><img data-recalc-dims=\"1\" loading=\"lazy\" decoding=\"async\" width=\"580\" height=\"824\" data-attachment-id=\"28178\" data-permalink=\"https:\/\/sinedjib.com\/index.php\/2026\/02\/24\/what-anti-racist-strategy-for-the-european-left\/cover-nr3-web-800x1135-1\/\" data-orig-file=\"https:\/\/i0.wp.com\/sinedjib.com\/wp-content\/uploads\/2026\/02\/cover-Nr3-web-800x1135-1.jpg?fit=800%2C1136&amp;ssl=1\" data-orig-size=\"800,1136\" data-comments-opened=\"0\" data-image-meta=\"{&quot;aperture&quot;:&quot;0&quot;,&quot;credit&quot;:&quot;&quot;,&quot;camera&quot;:&quot;&quot;,&quot;caption&quot;:&quot;&quot;,&quot;created_timestamp&quot;:&quot;1747066832&quot;,&quot;copyright&quot;:&quot;&quot;,&quot;focal_length&quot;:&quot;0&quot;,&quot;iso&quot;:&quot;0&quot;,&quot;shutter_speed&quot;:&quot;0&quot;,&quot;title&quot;:&quot;&quot;,&quot;orientation&quot;:&quot;1&quot;}\" data-image-title=\"cover-Nr3-web-800&amp;#215;1135-1\" data-image-description=\"\" data-image-caption=\"\" data-large-file=\"https:\/\/i0.wp.com\/sinedjib.com\/wp-content\/uploads\/2026\/02\/cover-Nr3-web-800x1135-1.jpg?fit=580%2C824&amp;ssl=1\" src=\"https:\/\/i0.wp.com\/sinedjib.com\/wp-content\/uploads\/2026\/02\/cover-Nr3-web-800x1135-1.jpg?resize=580%2C824&#038;ssl=1\" alt=\"\" class=\"wp-image-28178 size-full\" style=\"object-position:45% 0%\" srcset=\"https:\/\/i0.wp.com\/sinedjib.com\/wp-content\/uploads\/2026\/02\/cover-Nr3-web-800x1135-1.jpg?resize=721%2C1024&amp;ssl=1 721w, https:\/\/i0.wp.com\/sinedjib.com\/wp-content\/uploads\/2026\/02\/cover-Nr3-web-800x1135-1.jpg?resize=211%2C300&amp;ssl=1 211w, https:\/\/i0.wp.com\/sinedjib.com\/wp-content\/uploads\/2026\/02\/cover-Nr3-web-800x1135-1.jpg?resize=768%2C1091&amp;ssl=1 768w, https:\/\/i0.wp.com\/sinedjib.com\/wp-content\/uploads\/2026\/02\/cover-Nr3-web-800x1135-1.jpg?w=800&amp;ssl=1 800w\" sizes=\"auto, (max-width: 580px) 100vw, 580px\" \/><\/figure><div class=\"wp-block-media-text__content\">\n<p class=\"has-large-font-size\">\u00ab\u00a0What anti-racist strategy for the European Left?\u00a0\u00bb, <em>transform review<\/em>, N\u00b0 3 2026. <a href=\"https:\/\/www.transform.review\/what-anti-racist-strategy-for-the-european-left\/\">Link<\/a><\/p>\n<\/div><\/div>\n\n\n\n<div class=\"wp-block-media-text alignwide has-media-on-the-right is-stacked-on-mobile is-image-fill-element\"><div class=\"wp-block-media-text__content\">\n<p class=\"has-large-font-size\">\u00ab&nbsp;Capitalisme, immigration et x\u00e9nophobie&nbsp;\u00bb, <em>Courant alternatif<\/em>, n\u00b0 356, janvier 2026. <a href=\"https:\/\/oclibertaire.lautre.net\/spip.php?article4622\">En ligne<\/a><\/p>\n<\/div><figure class=\"wp-block-media-text__media\"><img data-recalc-dims=\"1\" loading=\"lazy\" decoding=\"async\" width=\"520\" height=\"723\" data-attachment-id=\"27944\" data-permalink=\"https:\/\/sinedjib.com\/index.php\/2026\/01\/24\/capitalisme-immigration-et-xenophobie\/ca-janvier-2026\/\" data-orig-file=\"https:\/\/i0.wp.com\/sinedjib.com\/wp-content\/uploads\/2026\/01\/CA-janvier-2026.png?fit=520%2C723&amp;ssl=1\" data-orig-size=\"520,723\" data-comments-opened=\"0\" data-image-meta=\"{&quot;aperture&quot;:&quot;0&quot;,&quot;credit&quot;:&quot;&quot;,&quot;camera&quot;:&quot;&quot;,&quot;caption&quot;:&quot;&quot;,&quot;created_timestamp&quot;:&quot;0&quot;,&quot;copyright&quot;:&quot;&quot;,&quot;focal_length&quot;:&quot;0&quot;,&quot;iso&quot;:&quot;0&quot;,&quot;shutter_speed&quot;:&quot;0&quot;,&quot;title&quot;:&quot;&quot;,&quot;orientation&quot;:&quot;0&quot;}\" data-image-title=\"CA janvier 2026\" data-image-description=\"\" data-image-caption=\"\" data-large-file=\"https:\/\/i0.wp.com\/sinedjib.com\/wp-content\/uploads\/2026\/01\/CA-janvier-2026.png?fit=520%2C723&amp;ssl=1\" src=\"https:\/\/i0.wp.com\/sinedjib.com\/wp-content\/uploads\/2026\/01\/CA-janvier-2026.png?resize=520%2C723&#038;ssl=1\" alt=\"\" class=\"wp-image-27944 size-full\" style=\"object-position:48% 0%\" srcset=\"https:\/\/i0.wp.com\/sinedjib.com\/wp-content\/uploads\/2026\/01\/CA-janvier-2026.png?w=520&amp;ssl=1 520w, https:\/\/i0.wp.com\/sinedjib.com\/wp-content\/uploads\/2026\/01\/CA-janvier-2026.png?resize=216%2C300&amp;ssl=1 216w\" sizes=\"auto, (max-width: 520px) 100vw, 520px\" \/><\/figure><\/div>\n\n\n\n<hr class=\"wp-block-separator has-css-opacity\"\/>\n\n\n\n<p class=\"has-large-font-size\"><strong>Pour acc\u00e9der \u00e0 mes textes plus anciens :<\/strong><\/p>\n\n\n\n<p><a href=\"https:\/\/sinedjib.com\/index.php\/publications-scientifiques\/\">Publications scientifiques<\/a><\/p>\n\n\n\n<p><a href=\"https:\/\/sinedjib.com\/index.php\/diffusion-recherche\/\">Diffusion de la recherche et autres articles<\/a><\/p>\n\n\n\n<p><a href=\"https:\/\/sinedjib.com\/index.php\/recensions-comptes-rendus\/\">Recensions, comptes-rendus et notes de lecture<\/a><\/p>\n\n\n\n<p><a href=\"https:\/\/sinedjib.com\/index.php\/litterature-critique-sociale\/\">Litt\u00e9rature, po\u00e9sie et critique sociale<\/a><\/p>\n\n\n\n<hr class=\"wp-block-separator has-alpha-channel-opacity\"\/>\n\n\n\n<p class=\"has-text-align-left has-large-font-size\"><strong>Mes contributions ont notamment \u00e9t\u00e9 publi\u00e9es dans les 80 m\u00e9dias ou sites suivants : <\/strong><\/p>\n\n\n\n<p class=\"has-text-align-left has-normal-font-size\"><em>12 x 2<\/em>, <em>Alg\u00e9rie Litt\u00e9rature\/Action<\/em>, <em>Alternative libertaire<\/em>, <em>L\u2019Ann\u00e9e du Maghreb<\/em>, <em>Annuaire IEMed de la M\u00e9diterran\u00e9e<\/em>, <em>L&rsquo;Anticapitaliste<\/em>, <em>Apr\u00e8s-demain<\/em>, <em>Article 11<\/em>, <em>\u00c0 bas bruit,<\/em> <em>Berlin Review<\/em>, <em>Brasero<\/em>, <em>The Brooklyn Rail<\/em>, <em>Le Buisson<\/em>, <em>Bulletin de l\u2019Observatoire international du religieux<\/em>, <em>Bulletin de psychologie<\/em>,&nbsp;<em>Cause commune<\/em>, Cercle des ami.e.s. de l&rsquo;A.I.T. de Montr\u00e9al, Centre arabe de recherche et d&rsquo;\u00e9tudes politiques de Paris, <em>Contemporary French Civilization<\/em>, <em>\u00c0 contretemps<\/em>, <em>ContreTemps<\/em>, <em>The Conversation<\/em>, <em>Courant alternatif<\/em>, <em>CQFD<\/em>, <em>Le DDV<\/em>, <em>Diacronie<\/em>, <em>Dissidences<\/em>, <em>Dynamiques internationales<\/em>, <em>\u00c9mulations<\/em>, <em>Expression<\/em>, <em>El Festi<\/em>, <em>Europe<\/em>, <em>French Politics<\/em>, <em>Gli Asini<\/em>, <em>Hamsa<\/em>, Histoire coloniale et postcoloniale, <em>Historia<\/em>, <em>L&rsquo;Humanit\u00e9<\/em>, <em>Humanisme<\/em>, <em>Informations ouvri\u00e8res<\/em>, <em>Insaniyat<\/em>, <em>iz3w<\/em>, <em>Jadaliyya<\/em>, <em>Journal of Contemporary European Studies<\/em>, <em>The Journal of North African Studies<\/em>, <em>Les Journaux de guerre<\/em>, <em>Jungle World<\/em>, Left Renewal Blog, <em>Lib\u00e9ration<\/em>, <em>Libert\u00e9<\/em>, <em>Libert\u00e9 ouvri\u00e8re<\/em>, <em>Marianne<\/em>, <em>Mat\u00e9riaux pour l\u2019histoire de notre temps<\/em>, <em>Le Matin d\u2019Alg\u00e9rie<\/em>, <em>Middle East Eye<\/em>, <em>Migrance<\/em>, <em>Le Monde<\/em>, <em>Le Monde diplomatique<\/em>, <em>Le Monde libertaire<\/em>, <em>Le Mouvement social,<\/em> <em>Moyen<\/em>&#8211;<em>Orient<\/em>, <em>N\u00e9gatif<\/em>, <em>New Politics<\/em>, <em>Politis<\/em>,&nbsp;<em>Questions internationales<\/em>, <em>RevueAlarmer<\/em>, <em>Revue fran\u00e7aise de science politique<\/em>, <em>Revue fran\u00e7aise d\u2019histoire des id\u00e9es politiques<\/em>, <em>La R\u00e9volution prol\u00e9tarienne<\/em>, <em>Rue 89<\/em>, <em>Sciences et Actions Sociales<\/em>, <em>Socio-Anthropologie<\/em>, <em>SociologieS<\/em>, <em>Spasme<\/em>, <em>Textures du temps<\/em>, <em>transform review<\/em>, <em>Twala<\/em>, <em>La V\u00e9rit\u00e9<\/em>, <em>Vingti\u00e8me si\u00e8cle<\/em>, <em>El Watan weekend<\/em>&#8230;<\/p>\n\n\n\n<hr class=\"wp-block-separator has-alpha-channel-opacity\"\/>\n\n\n\n<p><strong>Pour toute proposition (contribution, entretien, intervention, etc.), je suis joignable par l\u2019interm\u00e9diaire de mes \u00e9diteurs : <a href=\"https:\/\/www.lechappee.org\/contact\">L\u2019\u00e9chapp\u00e9e<\/a>&nbsp;;&nbsp;<a href=\"https:\/\/www.editionslibertalia.com\/a-propos\/contact\">Libertalia<\/a>&nbsp;;&nbsp;<a href=\"https:\/\/www.puf.com\/nous-contacter\">PUF<\/a>.<\/strong><\/p>\n","protected":false},"excerpt":{"rendered":"<p>Voici un aper\u00e7u de mes textes les plus r\u00e9cents : \u00ab\u00a0Quelques r\u00e9flexions sur la S\u00e9paration des \u00c9glises et de l\u2019\u00c9tat\u00a0\u00bb et \u00ab\u00a0Hommage \u00e0 Mohammed Harbi\u00a0\u00bb, n\u00b0 832, La R\u00e9volution prol\u00e9tarienne, mars 2026 \u00ab\u00a0Socialisme, immigration et racisme\u00a0\u00bb, Courant alternatif, n\u00b0 358, mars 2026. En ligne \u00ab Hypocrisie fran\u00e7aise \u00bb, Cercle des ami.e.s de l&rsquo;A.I.T. de Montr\u00e9al, [&hellip;]<\/p>\n","protected":false},"author":1,"featured_media":0,"parent":0,"menu_order":0,"comment_status":"closed","ping_status":"closed","template":"","meta":{"jetpack_post_was_ever_published":false,"footnotes":""},"class_list":["post-9586","page","type-page","status-publish","hentry"],"jetpack_sharing_enabled":true,"jetpack_shortlink":"https:\/\/wp.me\/P9lTYU-2uC","jetpack_likes_enabled":true,"jetpack-related-posts":[{"id":7,"url":"https:\/\/sinedjib.com\/index.php\/apropos\/","url_meta":{"origin":9586,"position":0},"title":"Pr\u00e9sentation","author":"Nedjib Sidi Moussa","date":"28\/10\/2012","format":false,"excerpt":"Je m'appelle Nedjib SIDI MOUSSA et je suis n\u00e9 en 1982 \u00e0 Valenciennes. Docteur en science politique (Universit\u00e9 Paris 1 Panth\u00e9on-Sorbonne), je me consacre \u00e0 l'\u00e9criture et \u00e0 l'enseignement en r\u00e9gion parisienne. Pour de plus amples informations, je vous invite \u00e0 consulter mon CV scientifique. On trouvera sur ce site\u2026","rel":"","context":"Article similaire","block_context":{"text":"Article similaire","link":""},"img":{"alt_text":"","src":"https:\/\/i0.wp.com\/sinedjib.com\/wp-content\/uploads\/2026\/01\/2026-01-17-Alger.jpeg?resize=350%2C200&ssl=1","width":350,"height":200,"srcset":"https:\/\/i0.wp.com\/sinedjib.com\/wp-content\/uploads\/2026\/01\/2026-01-17-Alger.jpeg?resize=350%2C200&ssl=1 1x, https:\/\/i0.wp.com\/sinedjib.com\/wp-content\/uploads\/2026\/01\/2026-01-17-Alger.jpeg?resize=525%2C300&ssl=1 1.5x, https:\/\/i0.wp.com\/sinedjib.com\/wp-content\/uploads\/2026\/01\/2026-01-17-Alger.jpeg?resize=700%2C400&ssl=1 2x"},"classes":[]},{"id":9561,"url":"https:\/\/sinedjib.com\/index.php\/mes-livres\/","url_meta":{"origin":9586,"position":1},"title":"Mes livres","author":"SiNedjib","date":"17\/08\/2020","format":false,"excerpt":"Le Spectre du colonialisme, Paris, L'\u00e9chapp\u00e9e, 2026Commander Le Rempla\u00e7ant. Journal d'un prof (pr\u00e9caire) de banlieue, Paris, L'\u00e9chapp\u00e9e, 2023CommanderEchos Histoire alg\u00e9rienne de la France. Une centralit\u00e9 refoul\u00e9e, de 1962 \u00e0 nos jours, Paris, PUF, 2022CommanderEchos Coordination du dossier \"1962-2022\/Alg\u00e9rie. Plus que jamais, rouvrir un avenir \u00e0 la r\u00e9volution\", ContreTemps, n\u00b0 54,\u2026","rel":"","context":"Article similaire","block_context":{"text":"Article similaire","link":""},"img":{"alt_text":"","src":"https:\/\/i0.wp.com\/sinedjib.com\/wp-content\/uploads\/2025\/12\/LE-SPECTRE-DU-COLONIALISME-Couv.jpg?resize=350%2C200&ssl=1","width":350,"height":200,"srcset":"https:\/\/i0.wp.com\/sinedjib.com\/wp-content\/uploads\/2025\/12\/LE-SPECTRE-DU-COLONIALISME-Couv.jpg?resize=350%2C200&ssl=1 1x, https:\/\/i0.wp.com\/sinedjib.com\/wp-content\/uploads\/2025\/12\/LE-SPECTRE-DU-COLONIALISME-Couv.jpg?resize=525%2C300&ssl=1 1.5x"},"classes":[]},{"id":9565,"url":"https:\/\/sinedjib.com\/index.php\/adresse-echos2\/","url_meta":{"origin":9586,"position":2},"title":"Adresse aux r\u00e9volutionnaires d&rsquo;Alg\u00e9rie et de tous les pays (et autres textes) : \u00e9chos","author":"SiNedjib","date":"17\/08\/2020","format":false,"excerpt":"Suite \u00e0 la parution de mon recueil Adresse aux r\u00e9volutionnaires d'Alg\u00e9rie et de tous les pays (et autres textes), cette page en recense les pr\u00e9sentations,\u00a0recensions ou\u00a0\u00e9vocations.Pour commander cet ouvrage, cliquez sur ce\u00a0lien Pr\u00e9sentation Pr\u00e9sentation, le 3 septembre 2019 \u00e0 19h30, \u00e0 la librairie Libertalia : 12, rue Marcelin-Berthelot, 93100 Montreuil\u2026","rel":"","context":"Article similaire","block_context":{"text":"Article similaire","link":""},"img":{"alt_text":"","src":"https:\/\/i0.wp.com\/sinedjib.com\/wp-content\/uploads\/2019\/08\/arton1789.jpg?resize=350%2C200&ssl=1","width":350,"height":200,"srcset":"https:\/\/i0.wp.com\/sinedjib.com\/wp-content\/uploads\/2019\/08\/arton1789.jpg?resize=350%2C200&ssl=1 1x, https:\/\/i0.wp.com\/sinedjib.com\/wp-content\/uploads\/2019\/08\/arton1789.jpg?resize=525%2C300&ssl=1 1.5x, https:\/\/i0.wp.com\/sinedjib.com\/wp-content\/uploads\/2019\/08\/arton1789.jpg?resize=700%2C400&ssl=1 2x"},"classes":[]},{"id":13919,"url":"https:\/\/sinedjib.com\/index.php\/el-jarida\/","url_meta":{"origin":9586,"position":3},"title":"El Jarida","author":"SiNedjib","date":"10\/09\/2021","format":false,"excerpt":"Cette page recense les 5 textes d'El Jarida publi\u00e9s sur ce site depuis le 1er juillet 2018. L'organe du Parti de la r\u00e9volution socialiste, dirig\u00e9 par Mohammed Boudiaf, a paru de 1968 \u00e0 1979. \"Les dessous du festival panafricain de la culture\", paru dans\u00a0El Jarida\u00a0n\u00b0 7, 20 septembre 1969. Lien\u2026","rel":"","context":"Article similaire","block_context":{"text":"Article similaire","link":""},"img":{"alt_text":"","src":"https:\/\/i0.wp.com\/sinedjib.com\/wp-content\/uploads\/2020\/01\/El-Jarida-1969.png?resize=350%2C200&ssl=1","width":350,"height":200},"classes":[]},{"id":22345,"url":"https:\/\/sinedjib.com\/index.php\/index-des-publications\/","url_meta":{"origin":9586,"position":4},"title":"Index des publications","author":"SiNedjib","date":"17\/03\/2024","format":false,"excerpt":"Cette page pr\u00e9sente un index des publications (bulletins, journaux, revues, etc.) dont cinq textes \u2013 ou plus \u2013 ont \u00e9t\u00e9 retranscrits sur ce site depuis 2012. La liste sera progressivement compl\u00e9t\u00e9e avec l\u2019ensemble des autres r\u00e9f\u00e9rences. A Alarme ; Alger R\u00e9publicain ; Alternative libertaire ; Arguments ; B Le Bolch\u00e9vik\u2026","rel":"","context":"Article similaire","block_context":{"text":"Article similaire","link":""},"img":{"alt_text":"","src":"","width":0,"height":0},"classes":[]},{"id":14477,"url":"https:\/\/sinedjib.com\/index.php\/dissidences-algeriennes-une-anthologie-de-lindependance-au-hirak-echos\/","url_meta":{"origin":9586,"position":5},"title":"Dissidences alg\u00e9riennes. Une anthologie, de l&rsquo;ind\u00e9pendance au hirak : \u00e9chos","author":"SiNedjib","date":"25\/10\/2021","format":false,"excerpt":"Suite \u00e0 la parution de mon quatri\u00e8me livre\u00a0Dissidences alg\u00e9riennes. Une anthologie, de l'ind\u00e9pendance au hirak (\u00e9ditions de l'Asym\u00e9trie, 2021), cette page en recense les pr\u00e9sentations,\u00a0recensions, entretiens ou\u00a0\u00e9vocations. Pour commander cet ouvrage, cliquez sur ce lien. Pr\u00e9sentations et d\u00e9bats Pr\u00e9sentation, le 25 mai 2022, \u00e0 18h30 au local ASAP R\u00e9volution \u00e0\u2026","rel":"","context":"Article similaire","block_context":{"text":"Article similaire","link":""},"img":{"alt_text":"","src":"https:\/\/i0.wp.com\/sinedjib.com\/wp-content\/uploads\/2021\/05\/dissidences-algeriennes.png?resize=350%2C200&ssl=1","width":350,"height":200},"classes":[]}],"_links":{"self":[{"href":"https:\/\/sinedjib.com\/index.php\/wp-json\/wp\/v2\/pages\/9586","targetHints":{"allow":["GET"]}}],"collection":[{"href":"https:\/\/sinedjib.com\/index.php\/wp-json\/wp\/v2\/pages"}],"about":[{"href":"https:\/\/sinedjib.com\/index.php\/wp-json\/wp\/v2\/types\/page"}],"author":[{"embeddable":true,"href":"https:\/\/sinedjib.com\/index.php\/wp-json\/wp\/v2\/users\/1"}],"replies":[{"embeddable":true,"href":"https:\/\/sinedjib.com\/index.php\/wp-json\/wp\/v2\/comments?post=9586"}],"version-history":[{"count":139,"href":"https:\/\/sinedjib.com\/index.php\/wp-json\/wp\/v2\/pages\/9586\/revisions"}],"predecessor-version":[{"id":28392,"href":"https:\/\/sinedjib.com\/index.php\/wp-json\/wp\/v2\/pages\/9586\/revisions\/28392"}],"wp:attachment":[{"href":"https:\/\/sinedjib.com\/index.php\/wp-json\/wp\/v2\/media?parent=9586"}],"curies":[{"name":"wp","href":"https:\/\/api.w.org\/{rel}","templated":true}]}}