{"id":9591,"date":"2020-08-17T14:36:05","date_gmt":"2020-08-17T12:36:05","guid":{"rendered":"https:\/\/sinedjib.com\/?page_id=9591"},"modified":"2025-11-16T22:35:40","modified_gmt":"2025-11-16T21:35:40","slug":"publications-scientifiques","status":"publish","type":"page","link":"https:\/\/sinedjib.com\/index.php\/publications-scientifiques\/","title":{"rendered":"Publications scientifiques"},"content":{"rendered":"\n<p class=\"has-text-align-center has-large-font-size\"><strong>Articles dans des revues \u00e0 comit\u00e9 de lecture<\/strong><\/p>\n\n\n\n<div class=\"wp-block-media-text alignwide is-stacked-on-mobile is-image-fill-element\"><figure class=\"wp-block-media-text__media\"><img data-recalc-dims=\"1\" loading=\"lazy\" decoding=\"async\" width=\"580\" height=\"414\" data-attachment-id=\"26452\" data-permalink=\"https:\/\/sinedjib.com\/index.php\/mes-textes\/couv-588-pdf\/\" data-orig-file=\"https:\/\/i0.wp.com\/sinedjib.com\/wp-content\/uploads\/2025\/07\/Couv-588-pdf.jpg?fit=770%2C549&amp;ssl=1\" data-orig-size=\"770,549\" data-comments-opened=\"0\" data-image-meta=\"{&quot;aperture&quot;:&quot;0&quot;,&quot;credit&quot;:&quot;&quot;,&quot;camera&quot;:&quot;&quot;,&quot;caption&quot;:&quot;&quot;,&quot;created_timestamp&quot;:&quot;0&quot;,&quot;copyright&quot;:&quot;&quot;,&quot;focal_length&quot;:&quot;0&quot;,&quot;iso&quot;:&quot;0&quot;,&quot;shutter_speed&quot;:&quot;0&quot;,&quot;title&quot;:&quot;&quot;,&quot;orientation&quot;:&quot;1&quot;}\" data-image-title=\"Couv-588-pdf\" data-image-description=\"\" data-image-caption=\"\" data-medium-file=\"https:\/\/i0.wp.com\/sinedjib.com\/wp-content\/uploads\/2025\/07\/Couv-588-pdf.jpg?fit=300%2C214&amp;ssl=1\" data-large-file=\"https:\/\/i0.wp.com\/sinedjib.com\/wp-content\/uploads\/2025\/07\/Couv-588-pdf.jpg?fit=580%2C414&amp;ssl=1\" src=\"https:\/\/i0.wp.com\/sinedjib.com\/wp-content\/uploads\/2025\/07\/Couv-588-pdf.jpg?resize=580%2C414&#038;ssl=1\" alt=\"\" class=\"wp-image-26452 size-full\" style=\"object-position:58% 100%\" srcset=\"https:\/\/i0.wp.com\/sinedjib.com\/wp-content\/uploads\/2025\/07\/Couv-588-pdf.jpg?w=770&amp;ssl=1 770w, https:\/\/i0.wp.com\/sinedjib.com\/wp-content\/uploads\/2025\/07\/Couv-588-pdf.jpg?resize=300%2C214&amp;ssl=1 300w, https:\/\/i0.wp.com\/sinedjib.com\/wp-content\/uploads\/2025\/07\/Couv-588-pdf.jpg?resize=768%2C548&amp;ssl=1 768w\" sizes=\"auto, (max-width: 580px) 100vw, 580px\" \/><\/figure><div class=\"wp-block-media-text__content\">\n<p class=\"has-large-font-size\">\u00ab\u00a0Avec et contre Gabel : antis\u00e9mitisme, racisme et tiers-mondisme au prisme de la fausse conscience\u00a0\u00bb, <em>Bulletin de psychologie<\/em>, n\u00b0 598 (juillet-septembre 2025), p. 31-45.<\/p>\n<\/div><\/div>\n\n\n\n<p class=\"has-normal-font-size\">\u00ab\u00a0Une apostasie impensable ? Les ressorts d\u2019une marginalisation dans l\u2019espace franco-alg\u00e9rien\u00a0\u00bb, <em>Contemporary French Civilization<\/em>, (2022), 47, (2), 143\u2013160. <a href=\"https:\/\/www.liverpooluniversitypress.co.uk\/journals\/article\/67922\/#journal-references\" target=\"_blank\" rel=\"noreferrer noopener\">En ligne<\/a><\/p>\n\n\n\n<p>\u00ab\u00a0D\u00e9passer l\u2019anticolonialisme : Les spectres alg\u00e9riens de Guy Debord (1953-1993)\u00a0\u00bb, <em>Revue fran\u00e7aise d&rsquo;histoire des id\u00e9es politiques<\/em>, n\u00b0 55, 1er semestre 2022, p. 149-175. <a rel=\"noreferrer noopener\" href=\"https:\/\/www.cairn.info\/revue-francaise-d-histoire-des-idees-politiques-2022-1-page-149.htm?contenu=resume\" target=\"_blank\">En ligne<\/a>  <\/p>\n\n\n\n<p>\u00ab\u00a0Islamophobie : comment une notion \u00e9quivoque s\u2019est impos\u00e9e dans le d\u00e9bat public en France\u00a0\u00bb, <em>RevueAlarmer<\/em>, 16 novembre 2020. <a rel=\"noreferrer noopener\" href=\"https:\/\/revue.alarmer.org\/islamophobie-comment-une-notion-equivoque-sest-imposee-dans-le-debat-public-en-france\/\" target=\"_blank\">En ligne<\/a> <\/p>\n\n\n\n<p>\u00ab&nbsp;\u2018Mon nationalisme\u2019 par Moulay Merbah (1913-1997). Dits et non-dits du r\u00e9cit autobiographique d\u2019un dirigeant ind\u00e9pendantiste alg\u00e9rien&nbsp;\u00bb,&nbsp;<em>Socio-anthropologie,&nbsp;<\/em>n\u00b0 37, 2018, p. 71-85.&nbsp;<a rel=\"noreferrer noopener\" href=\"https:\/\/journals.openedition.org\/socio-anthropologie\/3275\" target=\"_blank\">En ligne<\/a><\/p>\n\n\n\n<p>\u00ab&nbsp;A Contingent Nationhood: the Jewish Question and the Palestinian Cause within the Algerian Independence Movement \u00bb,&nbsp;<em>Hamsa. Journal of Judaic and Islamic Studies<\/em>, 4, 2017-March 2018, p. 105-118.&nbsp;<a href=\"https:\/\/journals.openedition.org\/hamsa\/580\" target=\"_blank\" rel=\"noreferrer noopener\">Online<\/a><\/p>\n\n\n\n<p>\u00ab&nbsp;De la probl\u00e9matique de l\u2019accueil des r\u00e9fugi\u00e9s \u00e0 son \u00e9viction. Retour sur une controverse franco-alg\u00e9rienne autour de Kamel Daoud&nbsp;\u00bb,&nbsp;<em>SociologieS<\/em>, mars 2018.&nbsp;<a rel=\"noreferrer noopener\" href=\"http:\/\/journals.openedition.org\/sociologies\/6877\" target=\"_blank\">En ligne<\/a><\/p>\n\n\n\n<p>\u00ab&nbsp;Les messalistes et la gauche fran\u00e7aise. Alliances, ruptures et transactions dans l\u2019entre-deux-guerres&nbsp;\u00bb,&nbsp;<em>Vingti\u00e8me si\u00e8cle. Revue d\u2019histoire,<\/em>&nbsp;n\u00b0 131, juillet-septembre 2016, p. 71-85. <a href=\"https:\/\/www.cairn.info\/revue-vingtieme-siecle-revue-d-histoire-2016-3-page-71.htm\" target=\"_blank\" rel=\"noreferrer noopener\">En ligne<\/a><\/p>\n\n\n\n<p>\u00ab&nbsp;Les visages de l\u2019\u00e9mancipation. L\u2019action des femmes messalistes durant la r\u00e9volution alg\u00e9rienne&nbsp;\u00bb,&nbsp;<em>Le Mouvement social,&nbsp;<\/em>n\u00b0 255, avril-juin 2016, p. 103-118.&nbsp;<a rel=\"noreferrer noopener\" href=\"https:\/\/www.cairn.info\/revue-le-mouvement-social-2016-2-page-103.htm\" target=\"_blank\">En ligne<\/a><\/p>\n\n\n\n<p>\u00ab&nbsp;Occultation \u00e9tatique et r\u00e9appropriations priv\u00e9es&nbsp;: tensions m\u00e9morielles autour de la question messaliste en Alg\u00e9rie (1964-1994)&nbsp;\u00bb,&nbsp;<em>Mat\u00e9riaux pour l\u2019histoire de notre temps<\/em>, n\u00b0117-118, 2\u00e8me semestre 2015, p. 31-38. <a rel=\"noreferrer noopener\" href=\"https:\/\/www.cairn.info\/revue-materiaux-pour-l-histoire-de-notre-temps-2015-3-page-31.htm\" target=\"_blank\">En ligne<\/a><\/p>\n\n\n\n<p>\u00ab&nbsp;La r\u00e9volution au pluriel. Pour une historiographie de la question messaliste&nbsp;\u00bb,&nbsp;<em>L\u2019Ann\u00e9e du Maghreb<\/em>, X, 2014, p. 99-114.&nbsp;<a rel=\"noreferrer noopener\" href=\"http:\/\/anneemaghreb.revues.org\/2048\" target=\"_blank\">En ligne<\/a><\/p>\n\n\n\n<p>\u00ab&nbsp;L\u2019Histoire et la politique hors-la-loi&nbsp;? R\u00e9flexions autour d\u2019un film sur des ind\u00e9pendantistes alg\u00e9riens&nbsp;\u00bb,&nbsp;<em>French Politics<\/em>.&nbsp;<em>Culture &amp; Society<\/em>, Vol. 30, n\u00b0 3, Winter 2012, p. 119-129. <a rel=\"noreferrer noopener\" href=\"https:\/\/www.berghahnjournals.com\/view\/journals\/fpcs\/30\/3\/fpcs300307.xml\" target=\"_blank\">En ligne<\/a><\/p>\n\n\n\n<p>\u00ab&nbsp;Extraversion sp\u00e9cifique et internationalisation brid\u00e9e&nbsp;: les partis alg\u00e9riens face au projet d\u2019Union pour la M\u00e9diterran\u00e9e&nbsp;\u00bb,&nbsp;<em>Dynamiques internationales<\/em>, n\u00b0 7, octobre 2012.&nbsp;<a rel=\"noreferrer noopener\" href=\"http:\/\/www.dynamiques-internationales.com\/publications\/numeros-thematiques\/numero-7-octobre-2012\/\" target=\"_blank\">En ligne<\/a><\/p>\n\n\n\n<p>\u00ab&nbsp;Face \u00e0 la guerre d\u2019Alg\u00e9rie&nbsp;: transactions anticoloniales et reconfigurations dans la gauche fran\u00e7aise&nbsp;\u00bb,&nbsp;<em>Diacronie<\/em>.&nbsp;<em>Studi di Storia Contemporanea<\/em>, n\u00b0 9, Gennaio 2012.&nbsp;<a rel=\"noreferrer noopener\" href=\"http:\/\/www.studistorici.com\/2012\/02\/13\/sidi-moussa_numero_9\/\" target=\"_blank\">En ligne<\/a><\/p>\n\n\n\n<p class=\"has-text-align-center has-large-font-size\"><strong>Contributions \u00e0 des ouvrages collectifs<\/strong><\/p>\n\n\n\n<div class=\"wp-block-media-text alignwide has-media-on-the-right is-stacked-on-mobile is-image-fill-element\"><div class=\"wp-block-media-text__content\">\n<p>\u00ab\u00a0Anticolonialisme\u00a0\u00bb, in St\u00e9phane Julien et Christian Mahieux (coord.), <em>La R\u00e9volution prol\u00e9tarienne (1925-2025). \u00ab\u00a0La revue qui n&rsquo;a pas observ\u00e9 le mouvement ouvrier mais qui l&rsquo;a v\u00e9cu\u00a0\u00bb<\/em>, Paris, Syllepse, 2025. <a href=\"https:\/\/www.syllepse.net\/la-revolution-proletarienne-_r_21_i_1104.html\">Lien<\/a><br>[s\u00e9lection, pr\u00e9sentation et retranscription de cinq textes pour le chapitre sur l&rsquo;anticolonialisme]<\/p>\n<\/div><figure class=\"wp-block-media-text__media\"><img data-recalc-dims=\"1\" loading=\"lazy\" decoding=\"async\" width=\"580\" height=\"580\" data-attachment-id=\"25607\" data-permalink=\"https:\/\/sinedjib.com\/index.php\/mes-textes\/rp\/\" data-orig-file=\"https:\/\/i0.wp.com\/sinedjib.com\/wp-content\/uploads\/2025\/01\/RP.jpg?fit=1200%2C1200&amp;ssl=1\" data-orig-size=\"1200,1200\" data-comments-opened=\"0\" data-image-meta=\"{&quot;aperture&quot;:&quot;0&quot;,&quot;credit&quot;:&quot;&quot;,&quot;camera&quot;:&quot;&quot;,&quot;caption&quot;:&quot;&quot;,&quot;created_timestamp&quot;:&quot;0&quot;,&quot;copyright&quot;:&quot;&quot;,&quot;focal_length&quot;:&quot;0&quot;,&quot;iso&quot;:&quot;0&quot;,&quot;shutter_speed&quot;:&quot;0&quot;,&quot;title&quot;:&quot;&quot;,&quot;orientation&quot;:&quot;0&quot;}\" data-image-title=\"RP\" data-image-description=\"\" data-image-caption=\"\" data-medium-file=\"https:\/\/i0.wp.com\/sinedjib.com\/wp-content\/uploads\/2025\/01\/RP.jpg?fit=300%2C300&amp;ssl=1\" data-large-file=\"https:\/\/i0.wp.com\/sinedjib.com\/wp-content\/uploads\/2025\/01\/RP.jpg?fit=580%2C580&amp;ssl=1\" src=\"https:\/\/i0.wp.com\/sinedjib.com\/wp-content\/uploads\/2025\/01\/RP.jpg?resize=580%2C580&#038;ssl=1\" alt=\"\" class=\"wp-image-25607 size-full\" style=\"object-position:49% 39%\" srcset=\"https:\/\/i0.wp.com\/sinedjib.com\/wp-content\/uploads\/2025\/01\/RP.jpg?resize=1024%2C1024&amp;ssl=1 1024w, https:\/\/i0.wp.com\/sinedjib.com\/wp-content\/uploads\/2025\/01\/RP.jpg?resize=300%2C300&amp;ssl=1 300w, https:\/\/i0.wp.com\/sinedjib.com\/wp-content\/uploads\/2025\/01\/RP.jpg?resize=150%2C150&amp;ssl=1 150w, https:\/\/i0.wp.com\/sinedjib.com\/wp-content\/uploads\/2025\/01\/RP.jpg?resize=768%2C768&amp;ssl=1 768w, https:\/\/i0.wp.com\/sinedjib.com\/wp-content\/uploads\/2025\/01\/RP.jpg?w=1200&amp;ssl=1 1200w\" sizes=\"auto, (max-width: 580px) 100vw, 580px\" \/><\/figure><\/div>\n\n\n\n<p>\u00ab\u00a01943. Le Manifeste du peuple alg\u00e9rien \u00bb, in Pierre Singarav\u00e9lou (dir.), <em>Colonisations. Notre histoire<\/em>, Paris, Seuil, 2023.<\/p>\n\n\n\n<p>R\u00e9dactions de 25 notices pour le <em>Dictionnaire de la guerre d&rsquo;Alg\u00e9rie<\/em>, paru sous la direction de T. Quemeneur, O. Siari Tengour et S. Th\u00e9nault, Paris, \u00e9ditions Bouquins, 2023.<\/p>\n\n\n\n<p>\u00ab\u00a0Portrait d&rsquo;un d\u00e9colonis\u00e9\u00a0\u00bb (avant-propos), in <em>Boubaker Adjali l&rsquo;Africain : un regard tricontinental<\/em>, Ivry-sur-Seine, \u00e9ditions Otium, 2022, p. 5-9 <\/p>\n\n\n\n<p>\u00ab\u00a0L\u2019acquisition de comp\u00e9tences militaires chez des ind\u00e9pendantistes alg\u00e9riens. Le cas des partisans de Messali Hadj\u00a0\u00bb, in A. Allal, G. Dorronsoro et O. Grojean (dir.), <em>Politiques de la violence. Organiser la lutte de la Colombie au Pakistan<\/em>, Paris, Karthala, 2021, p. 47-69<\/p>\n\n\n\n<p>\u00ab\u00a0Retour r\u00e9flexif sur une intervention hors cadre. Le <em>hirak <\/em>ou le \u00ab futur d\u00e9j\u00e0 termin\u00e9 \u00bb de la r\u00e9volution anticoloniale\u00a0\u00bb, in A. Allal, L. Baamara, L. Dakhli et G. Fabbiano (dir.), <em>Cheminements r\u00e9volutionnaires. Un an de mobilisations en Alg\u00e9rie (2019-2020)<\/em>, Paris, CNRS \u00e9ditions, 2021, p. 219-241. <a rel=\"noreferrer noopener\" href=\"https:\/\/books.openedition.org\/editionscnrs\/56594\" target=\"_blank\">En ligne<\/a> <\/p>\n\n\n\n<p>\u201cMilitants, intellectuels et artistes d\u00e9coloniaux\u00a0: tiers-mondisme domestique\u00a0et r\u00e9formisme racialiste\u201d in Manuel Boucher (dir.),\u00a0<em>Radicalit\u00e9s identitaires. La d\u00e9mocratie face \u00e0 la radicalisation islamiste, indig\u00e9niste et nationaliste<\/em>, Paris, L\u2019Harmattan, 2020, p. 157-178<\/p>\n\n\n\n<p>\u00ab The Situationists\u2019 Anticolonialism: An Internationalist Perspective \u00bb, with Sophie Dolto, in Alastair Hemmens and Gabriel Zacarias (eds.), <em>The Situationist International. A Critical Handbook<\/em>, London, Pluto Press, 2020, p. 103-117<br>[<strong>Erratum<\/strong> : il faut lire \u201cprovocations\u201d et non \u201criots\u201d \u00e0 la quatri\u00e8me ligne de la page 105 du texte]<\/p>\n\n\n\n<p>\u00ab \u2018Pierre est parti, Mohamed a pris sa place\u2019. Les oppositions alg\u00e9riennes \u00e0 l\u2019heure du socialisme sp\u00e9cifique (1974-1982) \u00bb,\u00a0in Karima Dir\u00e8che (dir.),\u00a0<em>L\u2019Alg\u00e9rie au pr\u00e9sent. Entre r\u00e9sistances et changements<\/em>,\u00a0Paris, IRMC-Karthala,\u00a02019, p. 597-610<\/p>\n\n\n\n<p>\u00ab&nbsp;Contribution \u00e0 l\u2019histoire de la pens\u00e9e critique alg\u00e9rienne \u00e0 travers l\u2019\u00e9tude des revues&nbsp;<em>Sou\u2019al<\/em>&nbsp;et&nbsp;<em>Naqd<\/em>&nbsp;(1981-1993)&nbsp;\u00bb, in Isma\u00ebl-S\u00e9lim Khaznadar (dir.),&nbsp;<em>L\u2019Histoire. \u00c9critures et lib\u00e9rations. Autour de Mohammed Harbi<\/em>, Alger, \u00e9ditions Hibr, 2017, p. 309-324<\/p>\n\n\n\n<p>\u00ab \u00c9mancipation des femmes et paternalisme dans le mouvement messaliste\u00a0\u00bb, in A. Kadri, M. Bouaziz et T. Quemeneur (dir.),\u00a0<em>La guerre d\u2019Alg\u00e9rie revisit\u00e9e. Nouvelles g\u00e9n\u00e9rations, nouveaux regards<\/em>, Paris, Karthala, 2015, p. 139-150<\/p>\n\n\n\n<p>\u00ab&nbsp;Alg\u00e9rie&nbsp;: entre mesures et mesure. \u00c0 l\u2019\u00e9coute du changement sur une radio \u00e9tatique&nbsp;\u00bb, in M. Oualdi, D. Pag\u00e8s-El Karoui et C. Verdeil (dir.),&nbsp;<em>Les ondes de choc des r\u00e9volutions arabes<\/em>, Beyrouth-Damas, Presses de l\u2019Ifpo, 2014, p. 163-180.&nbsp;<a rel=\"noreferrer noopener\" href=\"http:\/\/books.openedition.org\/ifpo\/6972\" target=\"_blank\">En ligne<\/a><\/p>\n\n\n\n<p>\u00ab&nbsp;14 juillet 1954, Hornu&nbsp;: l\u2019extraordinaire congr\u00e8s du MTLD. Un \u00e9v\u00e9nement \u2018historique\u2019 dans l\u2019Alg\u00e9rie pr\u00e9-r\u00e9volutionnaire&nbsp;\u00bb, in&nbsp;<em>Cette terre n\u2019est pas \u00e0 vendre<\/em>, actes du colloque international sur Messali Hadj tenu \u00e0 l\u2019universit\u00e9 Aboubekr Belka\u00efd de Tlemcen les 17 et 18 septembre 2011, Tlemcen, L\u2019Arbre \u00e0 Livres, &nbsp;2014, p. 129-152<\/p>\n\n\n\n<p>\u00ab \u00c9meutes de la jeunesse et \u2018nouvelles\u2019 oppositions \u00e0 r\u00e9f\u00e9rentiel historique&nbsp;\u00bb, in A. Allal et T. Pierret,&nbsp;<em>Au c\u0153ur des r\u00e9voltes arabes. Devenirs r\u00e9volutionnaires,<\/em>&nbsp;Paris, Armand Colin, 2013, p. 159-160<\/p>\n\n\n\n<p>\u00ab&nbsp;Le Mouvement national alg\u00e9rien en France&nbsp;\u00bb, in L. Amiri et B. Stora (dir.),&nbsp;<em>Alg\u00e9riens en France<\/em>,&nbsp;<em>1954-1962 : la guerre, l\u2019exil, la vie<\/em>, Paris, Autrement, 2012, p. 108-111<\/p>\n\n\n\n<p>\u00ab&nbsp;La \u2018reconversion\u2019 du MNA (mars-juillet 1962)&nbsp;: entre le succ\u00e8s d\u2019une proph\u00e9tie et l\u2019\u00e9chec d\u2019un proph\u00e8te&nbsp;\u00bb, in A. Mohand-Amer et B. Benzenine (dir.),&nbsp;<em>Le Maghreb et l\u2019ind\u00e9pendance de l\u2019Alg\u00e9rie<\/em>, Paris, Oran, Tunis, Karthala-CRASC-IRMC, 2012, p. 153-166.&nbsp;<a href=\"https:\/\/ouvrages.crasc.dz\/index.php\/ar\/%D9%84%D8%AC%D9%86%D8%A9\/45-les-ind%C3%A9pendances-au-maghreb\/814-la-%C2%AB-reconversion-%C2%BB-du-mouvement-national-alg%C3%A9rien-mars-juillet-1962-entre-le-succ%C3%A8s-d%E2%80%99une-proph%C3%A9tie-et-l%E2%80%99%C3%A9chec-d%E2%80%99un-proph%C3%A8te\" target=\"_blank\" rel=\"noreferrer noopener\">En ligne<\/a><\/p>\n\n\n\n<p>\u00ab&nbsp;Pour une sociologie des trajectoires r\u00e9volutionnaires. Le cas des membres du CNR (Alg\u00e9rie, 1954)&nbsp;\u00bb, in S. Chantegros, S. Orange, A. P\u00e9gourdie, C. Rougier (dir.),&nbsp;<em>La Fabrique biographique<\/em>, Limoges, PULIM, 2012, p. 163-176<\/p>\n\n\n\n<p>\u00ab&nbsp;Quand L\u00e9on rencontre Rosa \u00e0\u2026 Nairobi&nbsp;!&nbsp;\u00bb et \u00ab&nbsp;Anticolonialisme et altermondialisme&nbsp;: Marx ou Fanon&nbsp;\u00bb, in M.-E. Pommerolle et J. Sim\u00e9ant (dir.),&nbsp;<em>Un Autre monde \u00e0 Nairobi. Le Forum social mondial 2007 entre extraversions et causes africaines<\/em>, Paris, Karthala, 2008, p. 85-89<\/p>\n","protected":false},"excerpt":{"rendered":"<p>Articles dans des revues \u00e0 comit\u00e9 de lecture \u00ab\u00a0Avec et contre Gabel : antis\u00e9mitisme, racisme et tiers-mondisme au prisme de la fausse conscience\u00a0\u00bb, Bulletin de psychologie, n\u00b0 598 (juillet-septembre 2025), p. 31-45. \u00ab\u00a0Une apostasie impensable ? Les ressorts d\u2019une marginalisation dans l\u2019espace franco-alg\u00e9rien\u00a0\u00bb, Contemporary French Civilization, (2022), 47, (2), 143\u2013160. En ligne \u00ab\u00a0D\u00e9passer l\u2019anticolonialisme : [&hellip;]<\/p>\n","protected":false},"author":1,"featured_media":0,"parent":0,"menu_order":0,"comment_status":"closed","ping_status":"closed","template":"","meta":{"jetpack_post_was_ever_published":false,"footnotes":""},"class_list":["post-9591","page","type-page","status-publish","hentry"],"jetpack_sharing_enabled":true,"jetpack_shortlink":"https:\/\/wp.me\/P9lTYU-2uH","jetpack_likes_enabled":true,"jetpack-related-posts":[{"id":6367,"url":"https:\/\/sinedjib.com\/index.php\/ressources\/et-thaoura\/","url_meta":{"origin":9591,"position":0},"title":"Et-thaoura","author":"SiNedjib","date":"21\/10\/2019","format":false,"excerpt":"Cette page recense les 8 articles d'Et-thaoura publi\u00e9s sur ce site depuis le 9 janvier 2019. Ce journal marxiste r\u00e9volutionnaire d'Alg\u00e9rie, h\u00e9berg\u00e9 par Marcel Gauchet, a paru de 1981 \u00e0 1984. \u00ab\u00a0Les masses marocaines aussi\u2026\u00a0\u00bb, Et-Thaoura, n\u00b0 2, ao\u00fbt 1981. Lien Safia Bentayeb, \"Code de la famille et luttes des\u2026","rel":"","context":"Article similaire","block_context":{"text":"Article similaire","link":""},"img":{"alt_text":"","src":"https:\/\/i0.wp.com\/sinedjib.com\/wp-content\/uploads\/2019\/10\/Et-thaoura-juillet-1984.png?resize=350%2C200&ssl=1","width":350,"height":200},"classes":[]},{"id":8890,"url":"https:\/\/sinedjib.com\/index.php\/informations-et-reflexions-libertaires\/","url_meta":{"origin":9591,"position":1},"title":"Informations et r\u00e9flexions libertaires","author":"SiNedjib","date":"20\/06\/2020","format":false,"excerpt":"Cette page recense les 12 articles d'Informations et r\u00e9flexions libertaires publi\u00e9s sur ce site depuis le 5 juin 2020. La revue a paru de 1973 \u00e0 1991, d'abord sous le titre Informations rassembl\u00e9es \u00e0 Lyon. Les num\u00e9ros sont t\u00e9l\u00e9chargeables sur le site du Centre de recherche pour l'alternative sociale. \"Anti-racisme\",\u2026","rel":"","context":"Article similaire","block_context":{"text":"Article similaire","link":""},"img":{"alt_text":"","src":"https:\/\/i0.wp.com\/sinedjib.com\/wp-content\/uploads\/2020\/06\/IRL-octobre-1983.png?resize=350%2C200&ssl=1","width":350,"height":200},"classes":[]},{"id":9586,"url":"https:\/\/sinedjib.com\/index.php\/mes-textes\/","url_meta":{"origin":9591,"position":2},"title":"Mes textes","author":"SiNedjib","date":"17\/08\/2020","format":false,"excerpt":"Voici un aper\u00e7u de mes textes les plus r\u00e9cents : \u00ab\u00a0Quelques r\u00e9flexions sur la S\u00e9paration des \u00c9glises et de l\u2019\u00c9tat\u00a0\u00bb et \u00ab\u00a0Hommage \u00e0 Mohammed Harbi\u00a0\u00bb, n\u00b0 832, La R\u00e9volution prol\u00e9tarienne, mars 2026 \"Socialisme, immigration et racisme\", Courant alternatif, n\u00b0 358, mars 2026. En ligne \u00ab Hypocrisie fran\u00e7aise \u00bb, Cercle des\u2026","rel":"","context":"Article similaire","block_context":{"text":"Article similaire","link":""},"img":{"alt_text":"","src":"https:\/\/i0.wp.com\/sinedjib.com\/wp-content\/uploads\/2026\/03\/Une-de-RP-832-1024x1448-1.jpg?resize=350%2C200&ssl=1","width":350,"height":200,"srcset":"https:\/\/i0.wp.com\/sinedjib.com\/wp-content\/uploads\/2026\/03\/Une-de-RP-832-1024x1448-1.jpg?resize=350%2C200&ssl=1 1x, https:\/\/i0.wp.com\/sinedjib.com\/wp-content\/uploads\/2026\/03\/Une-de-RP-832-1024x1448-1.jpg?resize=525%2C300&ssl=1 1.5x, https:\/\/i0.wp.com\/sinedjib.com\/wp-content\/uploads\/2026\/03\/Une-de-RP-832-1024x1448-1.jpg?resize=700%2C400&ssl=1 2x"},"classes":[]},{"id":21617,"url":"https:\/\/sinedjib.com\/index.php\/index-auteurs\/","url_meta":{"origin":9591,"position":3},"title":"Index des auteurs","author":"SiNedjib","date":"16\/03\/2024","format":false,"excerpt":"Cette page pr\u00e9sente un index des 34 auteurs dont 5 textes - ou plus - ont \u00e9t\u00e9 retranscrits sur ce site depuis 2013. La liste sera progressivement compl\u00e9t\u00e9e avec l'ensemble des contributeurs. AIT AHMED Hocine ; AMAZIT Idir ; BOUNANE Akli ; BOUSSEL Pierre (LAMBERT Pierre) ; BRETON Andr\u00e9 ;\u2026","rel":"","context":"Article similaire","block_context":{"text":"Article similaire","link":""},"img":{"alt_text":"","src":"","width":0,"height":0},"classes":[]},{"id":8296,"url":"https:\/\/sinedjib.com\/index.php\/petitions\/","url_meta":{"origin":9591,"position":4},"title":"P\u00e9titions","author":"SiNedjib","date":"06\/05\/2020","format":false,"excerpt":"Cette page recense les d\u00e9clarations ou p\u00e9titions sign\u00e9es au cours des derni\u00e8res ann\u00e9es. \"Solidarit\u00e9 avec les peuples en lutte contre la guerre, le colonialisme et la dictature !\", Solidarit\u00e9 socialiste avec les travailleurs en Iran, 30 juin 2025. Lien ; Signataires ; publi\u00e9 dans Le Club de Mediapart, 11 juillet\u2026","rel":"","context":"Article similaire","block_context":{"text":"Article similaire","link":""},"img":{"alt_text":"","src":"","width":0,"height":0},"classes":[]},{"id":8259,"url":"https:\/\/sinedjib.com\/index.php\/travaux\/","url_meta":{"origin":9591,"position":5},"title":"Travaux","author":"SiNedjib","date":"06\/05\/2020","format":false,"excerpt":"Cette page recense les travaux, articles ou ouvrages faisant r\u00e9f\u00e9rence \u00e0 mes publications, \u00e0 l'exception de mes livres. Lamine Ammar-khodja, La partie immerg\u00e9e de l\u2019iceberg. \u00c9loge du GPS alg\u00e9rien, Alger, \u00c9ditions Motifs et \u00c9ditions Terrasses, 2026 Layla Baamara, \"Du campus \u00e0 la rue. Mobilisation \u00e9tudiante et engagement politique en Alg\u00e9rie\u2026","rel":"","context":"Article similaire","block_context":{"text":"Article similaire","link":""},"img":{"alt_text":"","src":"","width":0,"height":0},"classes":[]}],"_links":{"self":[{"href":"https:\/\/sinedjib.com\/index.php\/wp-json\/wp\/v2\/pages\/9591","targetHints":{"allow":["GET"]}}],"collection":[{"href":"https:\/\/sinedjib.com\/index.php\/wp-json\/wp\/v2\/pages"}],"about":[{"href":"https:\/\/sinedjib.com\/index.php\/wp-json\/wp\/v2\/types\/page"}],"author":[{"embeddable":true,"href":"https:\/\/sinedjib.com\/index.php\/wp-json\/wp\/v2\/users\/1"}],"replies":[{"embeddable":true,"href":"https:\/\/sinedjib.com\/index.php\/wp-json\/wp\/v2\/comments?post=9591"}],"version-history":[{"count":22,"href":"https:\/\/sinedjib.com\/index.php\/wp-json\/wp\/v2\/pages\/9591\/revisions"}],"predecessor-version":[{"id":27531,"href":"https:\/\/sinedjib.com\/index.php\/wp-json\/wp\/v2\/pages\/9591\/revisions\/27531"}],"wp:attachment":[{"href":"https:\/\/sinedjib.com\/index.php\/wp-json\/wp\/v2\/media?parent=9591"}],"curies":[{"name":"wp","href":"https:\/\/api.w.org\/{rel}","templated":true}]}}